{"id":95,"date":"2024-04-08T23:42:41","date_gmt":"2024-04-08T22:42:41","guid":{"rendered":"https:\/\/outeirovillas.wordpress.com\/?page_id=95"},"modified":"2024-06-12T17:07:15","modified_gmt":"2024-06-12T17:07:15","slug":"experiencias-de-lazer-e-turismo","status":"publish","type":"page","link":"https:\/\/outeirovillas.com\/en_gb\/experiencias-de-lazer-e-turismo\/","title":{"rendered":"Experiences"},"content":{"rendered":"<div class=\"wp-block-group alignfull has-global-padding is-layout-constrained wp-container-core-group-is-layout-e220c6fd wp-block-group-is-layout-constrained\" style=\"margin-top:0;margin-bottom:0;padding-top:calc( 0.5 * var(--wp--style--root--padding-right, var(--wp--custom--gap--horizontal)));padding-right:var(--wp--style--root--padding-right, var(--wp--custom--gap--horizontal));padding-bottom:calc( 0.5 * var(--wp--style--root--padding-right, var(--wp--custom--gap--horizontal)));padding-left:var(--wp--style--root--padding-left, var(--wp--custom--gap--horizontal))\">\n<h1 class=\"wp-block-heading alignwide has-text-align-center\">Experiences<\/h1>\n\n\n\n<div class=\"wp-block-group alignfull is-layout-flow wp-block-group-is-layout-flow\">\n<p class=\"has-text-align-center\" style=\"margin-right:0;margin-left:0\"><strong>Outeiro Villas Resort<\/strong> presents you with tourism and leisure experiences that you can find in the accommodation's surroundings, complementing your stay. <br>The region also stands out for its gastronomy.<\/p>\n<\/div>\n<\/div>\n\n\n\n<div class=\"wp-block-group alignfull has-global-padding is-content-justification-center is-layout-constrained wp-container-core-group-is-layout-df757ecc wp-block-group-is-layout-constrained\" style=\"margin-top:0;margin-bottom:0;padding-top:calc( 0.5 * var(--wp--style--root--padding-right, var(--wp--custom--gap--horizontal)));padding-right:var(--wp--style--root--padding-right, var(--wp--custom--gap--horizontal));padding-bottom:calc( 0.5 * var(--wp--style--root--padding-right, var(--wp--custom--gap--horizontal)));padding-left:var(--wp--style--root--padding-left, var(--wp--custom--gap--horizontal))\">\n<div class=\"wp-block-group alignwide has-global-padding is-layout-constrained wp-block-group-is-layout-constrained\">\n<div class=\"wp-block-columns alignwide is-layout-flex wp-container-core-columns-is-layout-d0846407 wp-block-columns-is-layout-flex\">\n<div class=\"wp-block-column is-layout-flow wp-block-column-is-layout-flow\">\n<h2 class=\"wp-block-heading\">Near us<\/h2>\n\n\n\n<div class=\"wp-block-cover\" style=\"min-height:246px;aspect-ratio:unset;\"><span aria-hidden=\"true\" class=\"wp-block-cover__background has-background-dim\"><\/span><img decoding=\"async\" width=\"2000\" height=\"500\" class=\"wp-block-cover__image-background wp-image-210 lazyload\" alt=\"\" data-src=\"https:\/\/outeirovillas.files.wordpress.com\/2024\/04\/explorar.jpg?w=1024\" style=\"--smush-placeholder-width: 2000px; --smush-placeholder-aspect-ratio: 2000\/500;object-position:42% 0%\" data-object-fit=\"cover\" data-object-position=\"42% 0%\" data-srcset=\"https:\/\/outeirovillas.com\/wp-content\/uploads\/2024\/04\/explorar.jpg 2000w, https:\/\/outeirovillas.com\/wp-content\/uploads\/2024\/04\/explorar-300x75.jpg 300w, https:\/\/outeirovillas.com\/wp-content\/uploads\/2024\/04\/explorar-1024x256.jpg 1024w, https:\/\/outeirovillas.com\/wp-content\/uploads\/2024\/04\/explorar-768x192.jpg 768w, https:\/\/outeirovillas.com\/wp-content\/uploads\/2024\/04\/explorar-1536x384.jpg 1536w\" data-sizes=\"(max-width: 2000px) 100vw, 2000px\" src=\"data:image\/svg+xml;base64,PHN2ZyB3aWR0aD0iMSIgaGVpZ2h0PSIxIiB4bWxucz0iaHR0cDovL3d3dy53My5vcmcvMjAwMC9zdmciPjwvc3ZnPg==\" \/><div class=\"wp-block-cover__inner-container is-layout-flow wp-block-cover-is-layout-flow\">\n<div class=\"wp-block-group is-layout-flow wp-block-group-is-layout-flow\">\n<h2 class=\"wp-block-heading has-text-align-center has-base-2-color has-text-color has-link-color has-large-font-size wp-elements-6fe40a826617f7c0886dc5f210740a5a\">Esposende<\/h2>\n<\/div>\n\n\n\n<p class=\"has-text-align-center has-medium-font-size\">Esposende city is considered a \u201cPrivilege of Nature\u201d. Its location between land, mountains, sea and river provides the perfect setting for outdoor activities.<\/p>\n\n\n\n<div class=\"wp-block-buttons is-content-justification-center is-layout-flex wp-container-core-buttons-is-layout-a89b3969 wp-block-buttons-is-layout-flex\">\n<div class=\"wp-block-button\"><a class=\"wp-block-button__link wp-element-button\" href=\"https:\/\/www.visitesposende.com\/pt\">More info<\/a><\/div>\n<\/div>\n<\/div><\/div>\n\n\n\n<div class=\"wp-block-cover is-light\" style=\"min-height:245px;aspect-ratio:unset;\"><span aria-hidden=\"true\" class=\"wp-block-cover__background has-background-dim\" style=\"background-color:#848584\"><\/span><img decoding=\"async\" width=\"1575\" height=\"568\" class=\"wp-block-cover__image-background wp-image-250 lazyload\" alt=\"\" data-src=\"https:\/\/outeirovillas.files.wordpress.com\/2024\/04\/site-165.jpg\" data-object-fit=\"cover\" data-srcset=\"https:\/\/outeirovillas.com\/wp-content\/uploads\/2024\/04\/site-165.jpg 1575w, https:\/\/outeirovillas.com\/wp-content\/uploads\/2024\/04\/site-165-300x108.jpg 300w, https:\/\/outeirovillas.com\/wp-content\/uploads\/2024\/04\/site-165-1024x369.jpg 1024w, https:\/\/outeirovillas.com\/wp-content\/uploads\/2024\/04\/site-165-768x277.jpg 768w, https:\/\/outeirovillas.com\/wp-content\/uploads\/2024\/04\/site-165-1536x554.jpg 1536w\" data-sizes=\"(max-width: 1575px) 100vw, 1575px\" src=\"data:image\/svg+xml;base64,PHN2ZyB3aWR0aD0iMSIgaGVpZ2h0PSIxIiB4bWxucz0iaHR0cDovL3d3dy53My5vcmcvMjAwMC9zdmciPjwvc3ZnPg==\" style=\"--smush-placeholder-width: 1575px; --smush-placeholder-aspect-ratio: 1575\/568;\" \/><div class=\"wp-block-cover__inner-container is-layout-flow wp-block-cover-is-layout-flow\">\n<div class=\"wp-block-group is-layout-flow wp-block-group-is-layout-flow\">\n<h2 class=\"wp-block-heading has-text-align-center has-base-2-color has-text-color has-link-color has-large-font-size wp-elements-c593b7d87058a6be03e47f947ec272e3\">Barcelos<\/h2>\n<\/div>\n\n\n\n<p class=\"has-text-align-center has-base-2-color has-text-color has-link-color has-medium-font-size wp-elements-4aa675312dfa16396b1f6833cdeaddbd\">Barcelos is an example of proactivity and a perfect combination of tradition, known for its popular art crafts \u2013 \u201cO Artesanato\u201d. <\/p>\n\n\n\n<div class=\"wp-block-buttons is-content-justification-center is-layout-flex wp-container-core-buttons-is-layout-a89b3969 wp-block-buttons-is-layout-flex\">\n<div class=\"wp-block-button\"><a class=\"wp-block-button__link wp-element-button\" href=\"https:\/\/www.cm-barcelos.pt\/visitar\/\">More info<\/a><\/div>\n<\/div>\n<\/div><\/div>\n\n\n\n<div class=\"wp-block-cover\" style=\"min-height:245px;aspect-ratio:unset;\"><span aria-hidden=\"true\" class=\"wp-block-cover__background has-background-dim\" style=\"background-color:#747c86\"><\/span><img decoding=\"async\" class=\"wp-block-cover__image-background wp-image-251 lazyload\" alt=\"\" data-src=\"https:\/\/outeirovillas.files.wordpress.com\/2024\/04\/viana-do-castelo.webp\" data-object-fit=\"cover\" src=\"data:image\/svg+xml;base64,PHN2ZyB3aWR0aD0iMSIgaGVpZ2h0PSIxIiB4bWxucz0iaHR0cDovL3d3dy53My5vcmcvMjAwMC9zdmciPjwvc3ZnPg==\" \/><div class=\"wp-block-cover__inner-container is-layout-flow wp-block-cover-is-layout-flow\">\n<div class=\"wp-block-group is-layout-flow wp-block-group-is-layout-flow\">\n<h2 class=\"wp-block-heading has-text-align-center has-base-2-color has-text-color has-link-color has-large-font-size wp-elements-7b01341332b1608bfaa9b6f679035448\">Viana do Castelo<\/h2>\n<\/div>\n\n\n\n<p class=\"has-text-align-center has-theme-1-color has-text-color has-link-color wp-elements-b86cde1ed4227b3fc5dfbdd164f0254e\">Located in the Alto Minho region, it highlights a perfect symbiosis between traditions and modernity, marked by the beauty of the natural landscapes and varied activities for the most diverse tastes.<\/p>\n\n\n\n<div class=\"wp-block-buttons is-content-justification-center is-layout-flex wp-container-core-buttons-is-layout-a89b3969 wp-block-buttons-is-layout-flex\">\n<div class=\"wp-block-button\"><a class=\"wp-block-button__link wp-element-button\" href=\"https:\/\/www.cm-viana-castelo.pt\/\">More info<\/a><\/div>\n<\/div>\n<\/div><\/div>\n\n\n\n<div class=\"wp-block-cover is-light\" style=\"min-height:245px;aspect-ratio:unset;\"><span aria-hidden=\"true\" class=\"wp-block-cover__background has-background-dim-40 has-background-dim\" style=\"background-color:#747c86\"><\/span><img decoding=\"async\" class=\"wp-block-cover__image-background wp-image-433 lazyload\" alt=\"\" data-src=\"https:\/\/outeirovillas.files.wordpress.com\/2024\/04\/gettyimages-1366992323-1-scaled-1.jpg\" data-object-fit=\"cover\" src=\"data:image\/svg+xml;base64,PHN2ZyB3aWR0aD0iMSIgaGVpZ2h0PSIxIiB4bWxucz0iaHR0cDovL3d3dy53My5vcmcvMjAwMC9zdmciPjwvc3ZnPg==\" \/><div class=\"wp-block-cover__inner-container is-layout-flow wp-block-cover-is-layout-flow\">\n<div class=\"wp-block-group is-layout-flow wp-block-group-is-layout-flow\">\n<h2 class=\"wp-block-heading has-text-align-center has-base-2-color has-text-color has-link-color has-large-font-size wp-elements-da696ac439e049d59eb9fc629f50450c\"> Porto e Norte de Portugal<\/h2>\n<\/div>\n\n\n\n<div class=\"wp-block-buttons is-content-justification-center is-layout-flex wp-container-core-buttons-is-layout-c124d1c4 wp-block-buttons-is-layout-flex\">\n<div class=\"wp-block-button\"><a class=\"wp-block-button__link wp-element-button\" href=\"http:\/\/www.portoenorte.pt\/pt\/\">More info<\/a><\/div>\n<\/div>\n<\/div><\/div>\n\n\n\n<div style=\"height:4px\" aria-hidden=\"true\" class=\"wp-block-spacer\"><\/div>\n\n\n\n<h2 class=\"wp-block-heading\">Sports tourism<\/h2>\n<\/div>\n<\/div>\n<\/div>\n\n\n\n<div class=\"wp-block-columns alignwide is-layout-flex wp-container-core-columns-is-layout-d0846407 wp-block-columns-is-layout-flex\">\n<div class=\"wp-block-column is-layout-flow wp-block-column-is-layout-flow\">\n<figure class=\"wp-block-image size-large\"><img decoding=\"async\" width=\"1200\" height=\"1200\" data-src=\"https:\/\/outeirovillas.files.wordpress.com\/2024\/04\/img_1200x12002023_04_11_16_53_29_450427.jpg?w=1024\" alt=\"Turismo Desportivo - atividades de lazer -  Outeiro Villas\" class=\"wp-image-274 lazyload\" style=\"--smush-placeholder-width: 1200px; --smush-placeholder-aspect-ratio: 1200\/1200;aspect-ratio:4\/3;object-fit:cover\" data-srcset=\"https:\/\/outeirovillas.com\/wp-content\/uploads\/2024\/04\/img_1200x12002023_04_11_16_53_29_450427.jpg 1200w, https:\/\/outeirovillas.com\/wp-content\/uploads\/2024\/04\/img_1200x12002023_04_11_16_53_29_450427-300x300.jpg 300w, https:\/\/outeirovillas.com\/wp-content\/uploads\/2024\/04\/img_1200x12002023_04_11_16_53_29_450427-1024x1024.jpg 1024w, https:\/\/outeirovillas.com\/wp-content\/uploads\/2024\/04\/img_1200x12002023_04_11_16_53_29_450427-150x150.jpg 150w, https:\/\/outeirovillas.com\/wp-content\/uploads\/2024\/04\/img_1200x12002023_04_11_16_53_29_450427-768x768.jpg 768w\" data-sizes=\"(max-width: 1200px) 100vw, 1200px\" src=\"data:image\/svg+xml;base64,PHN2ZyB3aWR0aD0iMSIgaGVpZ2h0PSIxIiB4bWxucz0iaHR0cDovL3d3dy53My5vcmcvMjAwMC9zdmciPjwvc3ZnPg==\" \/><\/figure>\n\n\n\n<div class=\"wp-block-group is-layout-flow wp-block-group-is-layout-flow\">\n<h3 class=\"wp-block-heading\" style=\"font-size:clamp(1.092rem, 1.092rem + ((1vw - 0.2rem) * 1.013), 1.7rem);\"><strong>Golf<\/strong><\/h3>\n<\/div>\n\n\n\n<p class=\"has-text-align-justify\">The Porto and Alto Minho region has some of the best golf courses. With a privileged climate and beautiful landscapes, it is an attractive destination for golf lovers. They are located in a mix between seaside and mountains.<a href=\"https:\/\/estelagolf.pt\/events.php\"><\/a><\/p>\n\n\n\n<div class=\"wp-block-buttons is-layout-flex wp-block-buttons-is-layout-flex\">\n<div class=\"wp-block-button has-custom-width wp-block-button__width-75\"><a class=\"wp-block-button__link wp-element-button\" href=\"https:\/\/estelagolf.pt\/\">Estela Golf<\/a><\/div>\n\n\n\n<div class=\"wp-block-button has-custom-width wp-block-button__width-75\"><a class=\"wp-block-button__link wp-element-button\" href=\"https:\/\/www.portugalgolf.net\/en\/golf-courses\/quinta-da-barca-golf-course\/284\/.\">Qt\u00aa da Barca<\/a><\/div>\n\n\n\n<div class=\"wp-block-button has-custom-width wp-block-button__width-75\"><a class=\"wp-block-button__link wp-element-button\" href=\"https:\/\/www.axisgolfe.com\/pt\/Menu\/Axis-Golfe.aspx\">Ponte Lima Golf<\/a><\/div>\n<\/div>\n<\/div>\n\n\n\n<div class=\"wp-block-column is-layout-flow wp-block-column-is-layout-flow\">\n<figure class=\"wp-block-image size-large\"><img decoding=\"async\" width=\"1200\" height=\"600\" data-src=\"https:\/\/outeirovillas.files.wordpress.com\/2024\/04\/imagem_201609251936241474828584_9017.jpg?w=1024\" alt=\"Turismo Desportivo - atividades de lazer -  Outeiro Villas\" class=\"wp-image-255 lazyload\" style=\"--smush-placeholder-width: 1200px; --smush-placeholder-aspect-ratio: 1200\/600;aspect-ratio:4\/3;object-fit:cover\" data-srcset=\"https:\/\/outeirovillas.com\/wp-content\/uploads\/2024\/04\/imagem_201609251936241474828584_9017.jpg 1200w, https:\/\/outeirovillas.com\/wp-content\/uploads\/2024\/04\/imagem_201609251936241474828584_9017-300x150.jpg 300w, https:\/\/outeirovillas.com\/wp-content\/uploads\/2024\/04\/imagem_201609251936241474828584_9017-1024x512.jpg 1024w, https:\/\/outeirovillas.com\/wp-content\/uploads\/2024\/04\/imagem_201609251936241474828584_9017-768x384.jpg 768w\" data-sizes=\"(max-width: 1200px) 100vw, 1200px\" src=\"data:image\/svg+xml;base64,PHN2ZyB3aWR0aD0iMSIgaGVpZ2h0PSIxIiB4bWxucz0iaHR0cDovL3d3dy53My5vcmcvMjAwMC9zdmciPjwvc3ZnPg==\" \/><\/figure>\n\n\n\n<div class=\"wp-block-group is-layout-flow wp-block-group-is-layout-flow\">\n<h3 class=\"wp-block-heading\" style=\"font-size:clamp(1.092rem, 1.092rem + ((1vw - 0.2rem) * 1.013), 1.7rem);\"><strong>Equestrian Center<\/strong><\/h3>\n<\/div>\n\n\n\n<p class=\"has-text-align-justify\">Located in Gandra, Esposende, the Clube H\u00edpico do Norte, close to the C\u00e1vado river, in a natural and harmonious setting. The most important thing is the excellence of horse riding as a sport for training, rehabilitation and as for leisure and fun.<\/p>\n\n\n\n<div class=\"wp-block-buttons is-layout-flex wp-block-buttons-is-layout-flex\">\n<div class=\"wp-block-button has-custom-width wp-block-button__width-75\"><a class=\"wp-block-button__link wp-element-button\" href=\"https:\/\/www.chn.pt\/pt\/\">More info<\/a><\/div>\n<\/div>\n<\/div>\n\n\n\n<div class=\"wp-block-column is-layout-flow wp-block-column-is-layout-flow\">\n<figure class=\"wp-block-image size-large\"><img decoding=\"async\" data-src=\"https:\/\/outeirovillas.files.wordpress.com\/2024\/04\/fe388d12871287418f98921321826ad5_1200_80.webp?w=1024\" alt=\"Turismo Desportivo - atividades de lazer -  Outeiro Villas\" class=\"wp-image-256 lazyload\" style=\"aspect-ratio:4\/3;object-fit:cover\" src=\"data:image\/svg+xml;base64,PHN2ZyB3aWR0aD0iMSIgaGVpZ2h0PSIxIiB4bWxucz0iaHR0cDovL3d3dy53My5vcmcvMjAwMC9zdmciPjwvc3ZnPg==\" \/><\/figure>\n\n\n\n<div class=\"wp-block-group is-layout-flow wp-block-group-is-layout-flow\">\n<h3 class=\"wp-block-heading\" style=\"font-size:clamp(1.039rem, 1.039rem + ((1vw - 0.2rem) * 0.935), 1.6rem);\"><strong>Water sports Surfing \u2013 Windsurfing<\/strong><\/h3>\n<\/div>\n\n\n\n<p class=\"has-text-align-justify\">The perfect way to connect with nature, feel the power of the wind and experience the freedom of gliding over the water. <br>Then embrace the excitement of the city and stunning landscapes.<\/p>\n\n\n\n<div class=\"wp-block-buttons is-layout-flex wp-block-buttons-is-layout-flex\">\n<div class=\"wp-block-button has-custom-width wp-block-button__width-75\"><a class=\"wp-block-button__link wp-element-button\" href=\"https:\/\/escoladekitesurf.com\/\">More info<\/a><\/div>\n<\/div>\n<\/div>\n<\/div>\n\n\n\n<div style=\"height:13px;width:0px\" aria-hidden=\"true\" class=\"wp-block-spacer\"><\/div>\n\n\n\n<h2 class=\"wp-block-heading alignwide\">Cultural Tourism<\/h2>\n\n\n\n<div class=\"wp-block-columns alignwide is-layout-flex wp-container-core-columns-is-layout-d0846407 wp-block-columns-is-layout-flex\">\n<div class=\"wp-block-column is-layout-flow wp-block-column-is-layout-flow\">\n<figure class=\"wp-block-image size-large\"><img decoding=\"async\" data-src=\"https:\/\/outeirovillas.files.wordpress.com\/2024\/05\/bg-3.jpg?w=1024\" alt=\"experi\u00eancias de lazer e  turismo. Alojamento\" class=\"wp-image-443 lazyload\" style=\"aspect-ratio:4\/3;object-fit:cover\" src=\"data:image\/svg+xml;base64,PHN2ZyB3aWR0aD0iMSIgaGVpZ2h0PSIxIiB4bWxucz0iaHR0cDovL3d3dy53My5vcmcvMjAwMC9zdmciPjwvc3ZnPg==\" \/><\/figure>\n\n\n\n<div class=\"wp-block-group is-layout-flow wp-block-group-is-layout-flow\">\n<h3 class=\"wp-block-heading\" style=\"font-size:clamp(1.092rem, 1.092rem + ((1vw - 0.2rem) * 1.013), 1.7rem);\"><strong>Cultural and Religious Heritage Route \u2013 Braga<\/strong><\/h3>\n<\/div>\n\n\n\n<p class=\"has-text-align-justify\">The city Braga is characterized by devotion to religion, as the S. Jo\u00e3o festivals as a reference to ancestral tradition. There are numerous churches and temples in the diocese that are dedicated to the Lord of Bom Jesus.<a href=\"https:\/\/estelagolf.pt\/events.php\"><\/a><\/p>\n\n\n\n<div class=\"wp-block-buttons is-layout-flex wp-block-buttons-is-layout-flex\">\n<div class=\"wp-block-button has-custom-width wp-block-button__width-75\"><a class=\"wp-block-button__link wp-element-button\" href=\"https:\/\/www.cm-braga.pt\/pt\/1301\/conhecer\/etnografia-e-tradicao\/festas-feiras-e-romarias\">More info<\/a><\/div>\n<\/div>\n<\/div>\n\n\n\n<div class=\"wp-block-column is-layout-flow wp-block-column-is-layout-flow\">\n<figure class=\"wp-block-image size-large\"><img decoding=\"async\" data-src=\"https:\/\/outeirovillas.files.wordpress.com\/2024\/05\/festa-das-cruzes-1.jpg?w=1024\" alt=\"experi\u00eancias de lazer e  turismo. Alojamento\" class=\"wp-image-444 lazyload\" style=\"aspect-ratio:4\/3;object-fit:cover\" src=\"data:image\/svg+xml;base64,PHN2ZyB3aWR0aD0iMSIgaGVpZ2h0PSIxIiB4bWxucz0iaHR0cDovL3d3dy53My5vcmcvMjAwMC9zdmciPjwvc3ZnPg==\" \/><\/figure>\n\n\n\n<div class=\"wp-block-group is-layout-flow wp-block-group-is-layout-flow\">\n<h3 class=\"wp-block-heading\" style=\"font-size:clamp(1.092rem, 1.092rem + ((1vw - 0.2rem) * 1.013), 1.7rem);\"><strong>Festivities of Cruzes - Barcelos<\/strong><\/h3>\n<\/div>\n\n\n\n<p class=\"has-text-align-justify\">The Festa das Cruzes is certainly the first great Pilgrimage in Minho, a mix of color, tradition and popular entertainment. Beyond that the city is filled with joy in the air, in gestures and voices, in dances and songs.<\/p>\n\n\n\n<div style=\"height:9px\" aria-hidden=\"true\" class=\"wp-block-spacer\"><\/div>\n\n\n\n<div class=\"wp-block-buttons is-layout-flex wp-block-buttons-is-layout-flex\">\n<div class=\"wp-block-button has-custom-width wp-block-button__width-75\"><a class=\"wp-block-button__link wp-element-button\" href=\"https:\/\/www.cm-barcelos.pt\/visitar\/festas-feiras-e-romarias\/festa-das-cruzes\/\">More info<\/a><\/div>\n<\/div>\n\n\n\n<div style=\"height:5px\" aria-hidden=\"true\" class=\"wp-block-spacer\"><\/div>\n<\/div>\n\n\n\n<div class=\"wp-block-column is-layout-flow wp-block-column-is-layout-flow\">\n<figure class=\"wp-block-image size-large\"><img decoding=\"async\" data-src=\"https:\/\/outeirovillas.files.wordpress.com\/2024\/05\/transferir-740x497-1.jpg?w=740\" alt=\"experi\u00eancias de lazer e  turismo. Alojamento\" class=\"wp-image-446 lazyload\" style=\"aspect-ratio:4\/3;object-fit:cover\" src=\"data:image\/svg+xml;base64,PHN2ZyB3aWR0aD0iMSIgaGVpZ2h0PSIxIiB4bWxucz0iaHR0cDovL3d3dy53My5vcmcvMjAwMC9zdmciPjwvc3ZnPg==\" \/><\/figure>\n\n\n\n<div class=\"wp-block-group is-layout-flow wp-block-group-is-layout-flow\">\n<h3 class=\"wp-block-heading\" style=\"font-size:clamp(1.092rem, 1.092rem + ((1vw - 0.2rem) * 1.013), 1.7rem);\"><strong>Festivities of Sr\u00aa Agonia \u2013 Viana do Castelo<\/strong><\/h3>\n<\/div>\n\n\n\n<p class=\"has-text-align-justify\">The Pilgrimage Sr\u00aa Agonia, in August, is the largest in Portugal. It has an influx of over a million visitors, ethnographic processions, land and river processions on the Lima River with decorated boats.<\/p>\n\n\n\n<div style=\"height:5px\" aria-hidden=\"true\" class=\"wp-block-spacer\"><\/div>\n\n\n\n<div class=\"wp-block-buttons is-layout-flex wp-block-buttons-is-layout-flex\">\n<div class=\"wp-block-button has-custom-width wp-block-button__width-75\"><a class=\"wp-block-button__link wp-element-button\" href=\"https:\/\/festasdagonia.com\/\">More info<\/a><\/div>\n<\/div>\n<\/div>\n<\/div>\n<\/div>\n\n\n\n<div class=\"wp-block-group alignfull is-layout-flow wp-block-group-is-layout-flow\">\n<p class=\"has-text-align-center has-background\" style=\"background-color:#b99c7f\">Book an experience<br>Share with us your preferences and desired dates.<\/p>\n<\/div>\n\n\n\n<div class=\"wp-block-buttons alignfull is-content-justification-left is-nowrap is-layout-flex wp-container-core-buttons-is-layout-41af2f3e wp-block-buttons-is-layout-flex\" style=\"margin-top:0;margin-bottom:0\">\n<div class=\"wp-block-button has-custom-width wp-block-button__width-100 is-style-fill\"><a class=\"wp-block-button__link has-text-color has-background has-link-color wp-element-button\" href=\"https:\/\/outeirovillas.com\/en_gb\/reservas\/\" style=\"color:#000000;background-color:#b99c7f\">Send message<\/a><\/div>\n<\/div>\n\n\n\n<div style=\"height:21px\" aria-hidden=\"true\" class=\"wp-block-spacer\"><\/div>","protected":false},"excerpt":{"rendered":"<p>Experi\u00eancias Outeiro Villas Resort apresenta-lhe experi\u00eancias de turismo e lazer que poder\u00e1 encontrar no arredores do alojamento. A Regi\u00e3o destaca-se ainda pela sua gastronomia. Perto de n\u00f3s Turismo Desportivo Golfe A regi\u00e3o do Porto e Alto Minho apresenta alguns dos melhores campos de golfe. Com um clima privilegiado e as suas belas paisagens torna-se um [&hellip;]<\/p>\n","protected":false},"author":3,"featured_media":0,"parent":0,"menu_order":0,"comment_status":"closed","ping_status":"closed","template":"","meta":{"powered_cache_disable_cache":false,"footnotes":""},"class_list":["post-95","page","type-page","status-publish","hentry"],"aioseo_notices":[],"jetpack_sharing_enabled":true,"_links":{"self":[{"href":"https:\/\/outeirovillas.com\/en_gb\/wp-json\/wp\/v2\/pages\/95","targetHints":{"allow":["GET"]}}],"collection":[{"href":"https:\/\/outeirovillas.com\/en_gb\/wp-json\/wp\/v2\/pages"}],"about":[{"href":"https:\/\/outeirovillas.com\/en_gb\/wp-json\/wp\/v2\/types\/page"}],"author":[{"embeddable":true,"href":"https:\/\/outeirovillas.com\/en_gb\/wp-json\/wp\/v2\/users\/3"}],"replies":[{"embeddable":true,"href":"https:\/\/outeirovillas.com\/en_gb\/wp-json\/wp\/v2\/comments?post=95"}],"version-history":[{"count":99,"href":"https:\/\/outeirovillas.com\/en_gb\/wp-json\/wp\/v2\/pages\/95\/revisions"}],"predecessor-version":[{"id":1174,"href":"https:\/\/outeirovillas.com\/en_gb\/wp-json\/wp\/v2\/pages\/95\/revisions\/1174"}],"wp:attachment":[{"href":"https:\/\/outeirovillas.com\/en_gb\/wp-json\/wp\/v2\/media?parent=95"}],"curies":[{"name":"wp","href":"https:\/\/api.w.org\/{rel}","templated":true}]}}