{"id":810,"date":"2024-05-21T10:10:24","date_gmt":"2024-05-21T10:10:24","guid":{"rendered":"https:\/\/outeirovillas.com\/?page_id=810"},"modified":"2024-05-28T14:47:16","modified_gmt":"2024-05-28T14:47:16","slug":"contactos-newsletter","status":"publish","type":"page","link":"https:\/\/outeirovillas.com\/en_gb\/contactos-newsletter\/","title":{"rendered":"Contactos newsletter"},"content":{"rendered":"<figure class=\"wp-block-image aligncenter size-full is-resized\"><img decoding=\"async\" data-src=\"https:\/\/outeirovillas.com\/wp-content\/themes\/twentytwentyfour\/assets\/images\/icon-message.webp\" alt=\"\" style=\"--smush-placeholder-width: 295px; --smush-placeholder-aspect-ratio: 295\/295;object-fit:cover;width:45px;height:49px\" src=\"data:image\/svg+xml;base64,PHN2ZyB3aWR0aD0iMSIgaGVpZ2h0PSIxIiB4bWxucz0iaHR0cDovL3d3dy53My5vcmcvMjAwMC9zdmciPjwvc3ZnPg==\" class=\"lazyload\" \/><\/figure>\n\n\n\n<h2 class=\"wp-block-heading has-text-align-center has-contrast-color has-text-color has-link-color has-x-large-font-size wp-elements-1eced7b65840d6d4726d908517aaf102\" style=\"margin-right:0;margin-left:0;padding-right:0;padding-left:0\">Subscribe to our newslette<\/h2>\n\n\n\n<div class=\"wp-block-group alignwide has-global-padding is-layout-constrained wp-block-group-is-layout-constrained\"><div class=\"cfcf7-block-container\"><div style=\"--cfcf7-block-bg:#fff; --cfcf7-block-line-height:1.4em; --cfcf7-block-font-size:16px; --cfcf7-block-padding-top:2em; --cfcf7-block-padding-sides:3em; --cfcf7-block-padding-bottom:2em; --cfcf7-block-margin-top:0em; --cfcf7-block-margin-sides:0em; --cfcf7-block-margin-bottom:0em; --cfcf7-block-radius:2em; --cfcf7-block-radius-top-left:2em; --cfcf7-block-radius-top-right:2em; --cfcf7-block-radius-bottom-left:2em; --cfcf7-block-radius-bottom-right:2em; --cfcf7-block-shadow:0em 0.5em 5em -3em black; --cfcf7-block-border-style:none; --cfcf7-block-border-width:0; --cfcf7-block-border-color:black; background-color:var(--cfcf7-block-bg); line-height:var(--cfcf7-block-line-height) !important; font-size:var(--cfcf7-block-font-size); padding-top:var(--cfcf7-block-padding-top); padding-left:var(--cfcf7-block-padding-sides); padding-right:var(--cfcf7-block-padding-sides); padding-bottom:var(--cfcf7-block-padding-bottom); margin-top:var(--cfcf7-block-margin-top); margin-left:var(--cfcf7-block-margin-sides); margin-right:var(--cfcf7-block-margin-sides); margin-bottom:var(--cfcf7-block-margin-bottom); border-top-left-radius:var(--cfcf7-block-radius-top-left, var(--cfcf7-block-radius, 0)); border-top-right-radius:var(--cfcf7-block-radius-top-right, var(--cfcf7-block-radius, 0)); border-bottom-left-radius:var(--cfcf7-block-radius-bottom-left, var(--cfcf7-block-radius, 0)); border-bottom-right-radius:var(--cfcf7-block-radius-bottom-right, var(--cfcf7-block-radius, 0)); box-shadow:var(--cfcf7-block-shadow); border-style:var(--cfcf7-block-border-style); border-width:var(--cfcf7-block-border-width); border-color:var(--cfcf7-block-border-color);\" class=\"cfcf7-block cfcf7-instance-1 wp-block-mofistudio-customizer-block-cf7\">\n<div class=\"wpcf7 no-js\" id=\"wpcf7-f948-o1\" lang=\"pt-PT\" dir=\"ltr\" data-wpcf7-id=\"948\">\n<div class=\"screen-reader-response\"><p role=\"status\" aria-live=\"polite\" aria-atomic=\"true\"><\/p> <ul><\/ul><\/div>\n<form action=\"\/en_gb\/wp-json\/wp\/v2\/pages\/810#wpcf7-f948-o1\" method=\"post\" class=\"wpcf7-form init\" aria-label=\"Formul\u00e1rio de contacto\" novalidate=\"novalidate\" data-status=\"init\" data-trp-original-action=\"\/en_gb\/wp-json\/wp\/v2\/pages\/810#wpcf7-f948-o1\">\n<fieldset class=\"hidden-fields-container\"><input type=\"hidden\" name=\"_wpcf7\" value=\"948\" \/><input type=\"hidden\" name=\"_wpcf7_version\" value=\"6.1.5\" \/><input type=\"hidden\" name=\"_wpcf7_locale\" value=\"pt_PT\" \/><input type=\"hidden\" name=\"_wpcf7_unit_tag\" value=\"wpcf7-f948-o1\" \/><input type=\"hidden\" name=\"_wpcf7_container_post\" value=\"0\" \/><input type=\"hidden\" name=\"_wpcf7_posted_data_hash\" value=\"\" \/><input type=\"hidden\" name=\"cf7s-user_id\" value=\"0\" \/><input type=\"hidden\" name=\"cf7sub_nonce\" value=\"534baeeebe\" \/>\n<\/fieldset>\n<p><label> Name<br \/>\n<span class=\"wpcf7-form-control-wrap\" data-name=\"your-name\"><input size=\"40\" maxlength=\"400\" class=\"wpcf7-form-control wpcf7-text wpcf7-validates-as-required\" autocomplete=\"name\" aria-required=\"true\" aria-invalid=\"false\" value=\"\" type=\"text\" name=\"your-name\" \/><\/span> <\/label>\n<\/p>\n<p><label> Email<br \/>\n<span class=\"wpcf7-form-control-wrap\" data-name=\"your-email\"><input size=\"40\" maxlength=\"400\" class=\"wpcf7-form-control wpcf7-email wpcf7-validates-as-required wpcf7-text wpcf7-validates-as-email\" autocomplete=\"email\" aria-required=\"true\" aria-invalid=\"false\" value=\"\" type=\"email\" name=\"your-email\" \/><\/span> <\/label>\n<\/p>\n<p><label> Subject<br \/>\n<span class=\"wpcf7-form-control-wrap\" data-name=\"your-subject\"><input size=\"40\" maxlength=\"400\" class=\"wpcf7-form-control wpcf7-text wpcf7-validates-as-required\" aria-required=\"true\" aria-invalid=\"false\" value=\"\" type=\"text\" name=\"your-subject\" \/><\/span> <\/label>\n<\/p>\n<p><label> Your message<br \/>\n<span class=\"wpcf7-form-control-wrap\" data-name=\"your-message\"><textarea cols=\"40\" rows=\"10\" maxlength=\"2000\" class=\"wpcf7-form-control wpcf7-textarea\" aria-invalid=\"false\" name=\"your-message\"><\/textarea><\/span> <\/label>\n<\/p>\n<p><input class=\"wpcf7-form-control wpcf7-submit has-spinner\" type=\"submit\" value=\"Submit\" \/>\n<\/p><p style=\"display: none !important;\" class=\"akismet-fields-container\" data-prefix=\"_wpcf7_ak_\"><label>&#916;<textarea name=\"_wpcf7_ak_hp_textarea\" cols=\"45\" rows=\"8\" maxlength=\"100\"><\/textarea><\/label><input type=\"hidden\" id=\"ak_js_1\" name=\"_wpcf7_ak_js\" value=\"187\"\/><script>\ndocument.getElementById( \"ak_js_1\" ).setAttribute( \"value\", ( new Date() ).getTime() );\n<\/script>\n<\/p><div class=\"wpcf7-response-output\" aria-hidden=\"true\"><\/div>\n<input type=\"hidden\" name=\"trp-form-language\" value=\"en_gb\"\/><\/form>\n<\/div>\n<\/div><\/div><\/div>\n\n\n\n<div class=\"wp-block-group has-global-padding is-layout-constrained wp-block-group-is-layout-constrained\">\n<div class=\"wp-block-columns is-layout-flex wp-container-core-columns-is-layout-28f84493 wp-block-columns-is-layout-flex\">\n<div class=\"wp-block-column is-layout-flow wp-block-column-is-layout-flow\" style=\"flex-basis:100%\">\n<div class=\"wp-block-group has-global-padding is-layout-constrained wp-container-core-group-is-layout-f36bc466 wp-block-group-is-layout-constrained\">\n<p class=\"has-text-align-justify\" style=\"margin-top:var(--wp--preset--spacing--30);margin-right:var(--wp--preset--spacing--30);margin-bottom:var(--wp--preset--spacing--30);margin-left:var(--wp--preset--spacing--10)\"><strong>IMPORTANT NOTE:<br><br><\/strong>Contacts newsletter: You only receive this information because had subscribed to this page and indicated your interest in receiving the Outeiro Villas Resort Newsletter.<br>If you no longer wish to receive futher notifications, please send an email with a cancellation request to outeirovillas@gmail.com.<br><\/p>\n<\/div>\n<\/div>\n<\/div>\n<\/div>\n\n\n\n<div style=\"height:var(--wp--preset--spacing--10)\" aria-hidden=\"true\" class=\"wp-block-spacer\"><\/div>","protected":false},"excerpt":{"rendered":"<p>Subscreva a nossa newsletter NOTA IMPORTANTE: Contactos newsletter: Apenas ir\u00e1 receber esta informa\u00e7\u00e3o porque subscreveu nesta p\u00e1gina&nbsp;e indicou o seu interesse em receber a Newsletter do Outeiro Villas Resort.Se n\u00e3o quiser voltar a receber notifica\u00e7\u00f5es, por favor envie um email com o pedido de cancelamento para o email outeirovillas@gmail.com.<\/p>","protected":false},"author":2,"featured_media":0,"parent":0,"menu_order":0,"comment_status":"closed","ping_status":"closed","template":"","meta":{"powered_cache_disable_cache":false,"footnotes":""},"class_list":["post-810","page","type-page","status-publish","hentry"],"aioseo_notices":[],"jetpack_sharing_enabled":true,"_links":{"self":[{"href":"https:\/\/outeirovillas.com\/en_gb\/wp-json\/wp\/v2\/pages\/810","targetHints":{"allow":["GET"]}}],"collection":[{"href":"https:\/\/outeirovillas.com\/en_gb\/wp-json\/wp\/v2\/pages"}],"about":[{"href":"https:\/\/outeirovillas.com\/en_gb\/wp-json\/wp\/v2\/types\/page"}],"author":[{"embeddable":true,"href":"https:\/\/outeirovillas.com\/en_gb\/wp-json\/wp\/v2\/users\/2"}],"replies":[{"embeddable":true,"href":"https:\/\/outeirovillas.com\/en_gb\/wp-json\/wp\/v2\/comments?post=810"}],"version-history":[{"count":11,"href":"https:\/\/outeirovillas.com\/en_gb\/wp-json\/wp\/v2\/pages\/810\/revisions"}],"predecessor-version":[{"id":1125,"href":"https:\/\/outeirovillas.com\/en_gb\/wp-json\/wp\/v2\/pages\/810\/revisions\/1125"}],"wp:attachment":[{"href":"https:\/\/outeirovillas.com\/en_gb\/wp-json\/wp\/v2\/media?parent=810"}],"curies":[{"name":"wp","href":"https:\/\/api.w.org\/{rel}","templated":true}]}}