{"id":8,"date":"2024-04-03T20:41:23","date_gmt":"2024-04-03T20:41:23","guid":{"rendered":"http:\/\/outeirovillas.wordpress.com\/?page_id=1"},"modified":"2024-05-28T15:45:55","modified_gmt":"2024-05-28T15:45:55","slug":"alojamento-turistico-sobre","status":"publish","type":"page","link":"https:\/\/outeirovillas.com\/en_gb\/alojamento-turistico-sobre\/","title":{"rendered":"About us"},"content":{"rendered":"<div class=\"wp-block-media-text alignfull has-media-on-the-right is-stacked-on-mobile is-vertically-aligned-center is-style-default has-theme-2-background-color has-background\" style=\"grid-template-columns:auto 45%\" id=\"SOBREN\u00d3S\"><div class=\"wp-block-media-text__content\">\n<h1 class=\"wp-block-heading has-large-font-size\">Holiday Home Rental <\/h1>\n\n\n\n<p class=\"has-text-align-justify has-small-font-size\"><strong>OUTEIRO VILLAS RESORT<\/strong>, holiday home rental is managed by Globo Cristal \u2013 Alojamento, Lda, that takes great pride in offer leisure and comfort experience to all guests.<\/p>\n\n\n\n<p class=\"has-small-font-size\">What sets us apart? The exclusivity. Our accommodation is unique in its typology, specially designed for families. From the elegant 3-bedroom Villas, with a more premium concept, to the cozy 2-bedroom Villas, with a more integrated approach to nature, where every detail was designed to provide comfort, convenience and tranquility.<\/p>\n<\/div><figure class=\"wp-block-media-text__media\"><img decoding=\"async\" width=\"400\" height=\"267\" data-src=\"https:\/\/outeirovillas.com\/wp-content\/uploads\/2024\/05\/Fotoram.io-4-1.png\" alt=\"\" class=\"wp-image-928 size-full lazyload\" data-srcset=\"https:\/\/outeirovillas.com\/wp-content\/uploads\/2024\/05\/Fotoram.io-4-1.png 400w, https:\/\/outeirovillas.com\/wp-content\/uploads\/2024\/05\/Fotoram.io-4-1-300x200.png 300w, https:\/\/outeirovillas.com\/wp-content\/uploads\/2024\/05\/Fotoram.io-4-1-18x12.png 18w\" data-sizes=\"(max-width: 400px) 100vw, 400px\" src=\"data:image\/svg+xml;base64,PHN2ZyB3aWR0aD0iMSIgaGVpZ2h0PSIxIiB4bWxucz0iaHR0cDovL3d3dy53My5vcmcvMjAwMC9zdmciPjwvc3ZnPg==\" style=\"--smush-placeholder-width: 400px; --smush-placeholder-aspect-ratio: 400\/267;\" \/><\/figure><\/div>\n\n\n\n<div class=\"wp-block-buttons alignwide is-content-justification-center is-layout-flex wp-container-core-buttons-is-layout-a89b3969 wp-block-buttons-is-layout-flex\">\n<div class=\"wp-block-button\"><a class=\"wp-block-button__link wp-element-button\" href=\"https:\/\/outeirovillas.com\/en_gb\/reservas\/\">Book now<\/a><\/div>\n<\/div>","protected":false},"excerpt":{"rendered":"<p>Alojamento tur\u00edstico OUTEIRO VILLAS RESORT, empreendimento de alojamento tur\u00edstico gerido pelo grupo Globo Cristal \u2013 Alojamento, Lda, oferece uma experi\u00eancia de lazer e conforto a todos os h\u00f3spedes. O que nos distingue? A exclusividade. O nosso alojamento \u00e9 \u00fanico na sua tipologia, especialmente concebido para fam\u00edlias. Desde as elegantes Villas T3, num conceito mais premium, [&hellip;]<\/p>\n","protected":false},"author":3,"featured_media":0,"parent":0,"menu_order":0,"comment_status":"closed","ping_status":"closed","template":"","meta":{"powered_cache_disable_cache":false,"footnotes":""},"class_list":["post-8","page","type-page","status-publish","hentry"],"aioseo_notices":[],"jetpack_sharing_enabled":true,"_links":{"self":[{"href":"https:\/\/outeirovillas.com\/en_gb\/wp-json\/wp\/v2\/pages\/8","targetHints":{"allow":["GET"]}}],"collection":[{"href":"https:\/\/outeirovillas.com\/en_gb\/wp-json\/wp\/v2\/pages"}],"about":[{"href":"https:\/\/outeirovillas.com\/en_gb\/wp-json\/wp\/v2\/types\/page"}],"author":[{"embeddable":true,"href":"https:\/\/outeirovillas.com\/en_gb\/wp-json\/wp\/v2\/users\/3"}],"replies":[{"embeddable":true,"href":"https:\/\/outeirovillas.com\/en_gb\/wp-json\/wp\/v2\/comments?post=8"}],"version-history":[{"count":11,"href":"https:\/\/outeirovillas.com\/en_gb\/wp-json\/wp\/v2\/pages\/8\/revisions"}],"predecessor-version":[{"id":1037,"href":"https:\/\/outeirovillas.com\/en_gb\/wp-json\/wp\/v2\/pages\/8\/revisions\/1037"}],"wp:attachment":[{"href":"https:\/\/outeirovillas.com\/en_gb\/wp-json\/wp\/v2\/media?parent=8"}],"curies":[{"name":"wp","href":"https:\/\/api.w.org\/{rel}","templated":true}]}}