{"id":77,"date":"2024-04-05T18:50:52","date_gmt":"2024-04-05T17:50:52","guid":{"rendered":"https:\/\/outeirovillas.wordpress.com\/?page_id=77"},"modified":"2024-07-04T14:19:55","modified_gmt":"2024-07-04T14:19:55","slug":"contatos-e-localizacao","status":"publish","type":"page","link":"https:\/\/outeirovillas.com\/en_gb\/contatos-e-localizacao\/","title":{"rendered":"Contacts and location"},"content":{"rendered":"<h1 class=\"wp-block-heading has-text-align-center\">Contacts and location<\/h1>\n\n\n\n<div class=\"wp-block-group alignfull has-theme-2-background-color has-background has-global-padding is-content-justification-center is-layout-constrained wp-container-core-group-is-layout-df757ecc wp-block-group-is-layout-constrained\" style=\"margin-top:0;margin-bottom:0;padding-top:calc( 0.5 * var(--wp--style--root--padding-right, var(--wp--custom--gap--horizontal)));padding-right:var(--wp--style--root--padding-right, var(--wp--custom--gap--horizontal));padding-bottom:calc( 0.5 * var(--wp--style--root--padding-right, var(--wp--custom--gap--horizontal)));padding-left:var(--wp--style--root--padding-left, var(--wp--custom--gap--horizontal))\">\n<div style=\"height:calc( 0.25 * var(--wp--style--root--padding-right, var(--wp--custom--gap--horizontal)))\" aria-hidden=\"true\" class=\"wp-block-spacer\"><\/div>\n\n\n\n<div class=\"wp-block-columns alignwide has-theme-2-background-color has-background is-layout-flex wp-container-core-columns-is-layout-28f84493 wp-block-columns-is-layout-flex\">\n<div class=\"wp-block-column is-vertically-aligned-top is-layout-flow wp-block-column-is-layout-flow\" style=\"flex-basis:33.33%\">\n<div class=\"wp-block-group is-layout-flow wp-container-core-group-is-layout-47e5a185 wp-block-group-is-layout-flow\">\n<p class=\"has-small-font-size\" style=\"line-height:1.6\"><strong>Adress:<\/strong><br>Rua dos ingleses, casa 2<br>Vila Cova, 4750-795 Barcelos, Portugal&nbsp;<\/p>\n<\/div>\n\n\n\n<div class=\"wp-block-group is-layout-flow wp-container-core-group-is-layout-47e5a185 wp-block-group-is-layout-flow\">\n<p class=\"has-small-font-size\" style=\"line-height:1.6\"><strong>Phone number:<\/strong><br>+351 967 215 578<\/p>\n<\/div>\n\n\n\n<div class=\"wp-block-group is-layout-flow wp-container-core-group-is-layout-47e5a185 wp-block-group-is-layout-flow\">\n<p class=\"has-small-font-size\" style=\"line-height:1.6\"><strong>Email:<\/strong><br><a href=\"mailto:outeirovillas@gmail.com\" target=\"_blank\" rel=\"noreferrer noopener\">outeirovillas@gmail.com<\/a><br><a href=\"mailto:reservas@outeirovillas.com\">reservas@outeirovillas.com<\/a><\/p>\n<\/div>\n<\/div>\n\n\n\n<div class=\"wp-block-column is-vertically-aligned-center is-layout-flow wp-block-column-is-layout-flow\" style=\"flex-basis:100%\">\n<div class=\"wp-block-group has-global-padding is-content-justification-center is-layout-constrained wp-container-core-group-is-layout-31c51783 wp-block-group-is-layout-constrained\">\n<iframe data-src=\"https:\/\/www.google.com\/maps\/embed?pb=!1m18!1m12!1m3!1d5970.998199828814!2d-8.708569870959684!3d41.55844155965419!2m3!1f0!2f0!3f0!3m2!1i1024!2i768!4f13.1!3m3!1m2!1s0xd244de233c3ee05%3A0xf40bd050e85ace11!2sOuteiro%20Villas%20Resort!5e0!3m2!1spt-PT!2spt!4v1716378271014!5m2!1spt-PT!2spt\" width=\"600\" height=\"450\" style=\"border:0;\" allowfullscreen=\"\" referrerpolicy=\"no-referrer-when-downgrade\" src=\"data:image\/svg+xml;base64,PHN2ZyB3aWR0aD0iMSIgaGVpZ2h0PSIxIiB4bWxucz0iaHR0cDovL3d3dy53My5vcmcvMjAwMC9zdmciPjwvc3ZnPg==\" class=\"lazyload\" data-load-mode=\"1\"><\/iframe>\n<\/div>\n<\/div>\n<\/div>\n\n\n\n<div style=\"height:calc( 0.25 * var(--wp--style--root--padding-right, var(--wp--custom--gap--horizontal)))\" aria-hidden=\"true\" class=\"wp-block-spacer\"><\/div>\n\n\n\n<h3 class=\"wp-block-heading has-text-align-left has-large-font-size\">Contacts and location<strong> | Surrounding area:<\/strong><\/h3>\n\n\n\n<p class=\"has-text-align-justify\">Outeiro Villas Resort has an excellent location when it comes to direct contact with nature. Although in a rural location, it is only a short distance from large urban centers:<br>A 8 kms situa-se a cidade de Barcelos &#8211;&nbsp;cidade conhecida pela lenda \u201cGalo de Barcelos\u201d e pela feira semanal.<br>Just 31 km away is the city of Braga \u2013 capital of the District and historic center of enormous beauty and rich heritage.<br>Towards the north, 32 km away is the city of Viana do Castelo \u2013 a cultural and traditional commerce city with folklore very present.<br>Towards the south, 45 km away is the city of Porto \u2013 capital and soul of the people of the north, it is the second largest city in Portugal. Since 1996, its historic center has been classified as a World Heritage Site by UNESCO.<br>For beach-loving guests, we are 8-minute drive from Ofir and Esposende beaches, and a 15-minute drive from the Estela Golf Course \u2013 P\u00f3voa de Varzim. Furthermore, Outeiro Villas Resort is also located on the \u201cCaminhos de Santiago\u201d pelgrims route.<br>The nearest airport is Francisco S\u00e1 Carneiro Airport (OPORTO), 45 km away (35 minutes drive).<\/p>\n\n\n\n<p><em>Nota:<\/em> O alojamento organiza um servi\u00e7o de transfere do aeroporto, por um custo adicional.<\/p>\n\n\n\n<div class=\"wp-block-buttons is-content-justification-center is-layout-flex wp-container-core-buttons-is-layout-a89b3969 wp-block-buttons-is-layout-flex\">\n<div class=\"wp-block-button\"><a class=\"wp-block-button__link wp-element-button\" href=\"https:\/\/outeirovillas.com\/en_gb\/reservas\/\">Book now<\/a><\/div>\n<\/div>\n<\/div>","protected":false},"excerpt":{"rendered":"<p>Contatos e localiza\u00e7\u00e3o Morada:Rua dos ingleses, casa 2Vila Cova, 4750-795 Barcelos, Portugal&nbsp; Telefone:+351 967 215 578 Email:outeirovillas@gmail.comreservas@outeirovillas.com Contatos e localiza\u00e7\u00e3o | \u00c1rea circundante: A Outeiro Villas Resort tem uma localiza\u00e7\u00e3o de excel\u00eancia no que toca ao contacto direto com a natureza. Embora numa localidade rural, fica apenas a pequenas dist\u00e2ncias de grandes centros urbanos:A 8 [&hellip;]<\/p>\n","protected":false},"author":3,"featured_media":0,"parent":0,"menu_order":0,"comment_status":"closed","ping_status":"closed","template":"","meta":{"powered_cache_disable_cache":false,"footnotes":""},"class_list":["post-77","page","type-page","status-publish","hentry"],"aioseo_notices":[],"jetpack_sharing_enabled":true,"_links":{"self":[{"href":"https:\/\/outeirovillas.com\/en_gb\/wp-json\/wp\/v2\/pages\/77","targetHints":{"allow":["GET"]}}],"collection":[{"href":"https:\/\/outeirovillas.com\/en_gb\/wp-json\/wp\/v2\/pages"}],"about":[{"href":"https:\/\/outeirovillas.com\/en_gb\/wp-json\/wp\/v2\/types\/page"}],"author":[{"embeddable":true,"href":"https:\/\/outeirovillas.com\/en_gb\/wp-json\/wp\/v2\/users\/3"}],"replies":[{"embeddable":true,"href":"https:\/\/outeirovillas.com\/en_gb\/wp-json\/wp\/v2\/comments?post=77"}],"version-history":[{"count":23,"href":"https:\/\/outeirovillas.com\/en_gb\/wp-json\/wp\/v2\/pages\/77\/revisions"}],"predecessor-version":[{"id":1175,"href":"https:\/\/outeirovillas.com\/en_gb\/wp-json\/wp\/v2\/pages\/77\/revisions\/1175"}],"wp:attachment":[{"href":"https:\/\/outeirovillas.com\/en_gb\/wp-json\/wp\/v2\/media?parent=77"}],"curies":[{"name":"wp","href":"https:\/\/api.w.org\/{rel}","templated":true}]}}