{"id":60,"date":"2024-04-05T17:50:00","date_gmt":"2024-04-05T16:50:00","guid":{"rendered":"https:\/\/outeirovillas.wordpress.com\/?page_id=60"},"modified":"2024-05-28T13:16:46","modified_gmt":"2024-05-28T13:16:46","slug":"villa-guarita","status":"publish","type":"page","link":"https:\/\/outeirovillas.com\/en_gb\/villa-guarita\/","title":{"rendered":"Villa Guarita"},"content":{"rendered":"<div style=\"height:30px\" aria-hidden=\"true\" class=\"wp-block-spacer\"><\/div>\n\n\n\n<h1 class=\"wp-block-heading has-text-align-center\" style=\"margin-top:0;margin-bottom:0;margin-left:0\">Villa Guarita<\/h1>\n\n\n\n<div class=\"wp-block-group alignfull has-global-padding is-content-justification-center is-layout-constrained wp-container-core-group-is-layout-ce51f2ee wp-block-group-is-layout-constrained\" style=\"margin-top:0;margin-bottom:0;padding-top:calc( 0.5 * var(u002du002dwpu002du002dstyleu002du002drootu002du002dpadding-right, var(u002du002dwpu002du002dcustomu002du002dgapu002du002dhorizontal)));padding-right:var(u002du002dwpu002du002dstyleu002du002drootu002du002dpadding-right, var(u002du002dwpu002du002dcustomu002du002dgapu002du002dhorizontal));padding-bottom:calc( 0.5 * var(u002du002dwpu002du002dstyleu002du002drootu002du002dpadding-right, var(u002du002dwpu002du002dcustomu002du002dgapu002du002dhorizontal)));padding-left:var(u002du002dwpu002du002dstyleu002du002drootu002du002dpadding-left, var(u002du002dwpu002du002dcustomu002du002dgapu002du002dhorizontal))\">\n<div style=\"height:15px\" aria-hidden=\"true\" class=\"wp-block-spacer\"><\/div>\n\n\n\n<div class=\"wp-block-jetpack-slideshow aligncenter Villa Guarita - casa\"><div data-effect=\"slide\"><div class=\"wp-block-jetpack-slideshow_container swiper-container\"><ul class=\"wp-block-jetpack-slideshow_swiper-wrapper swiper-wrapper\"><li class=\"wp-block-jetpack-slideshow_slide swiper-slide\"><figure><img decoding=\"async\" width=\"1024\" height=\"1024\" alt=\"Fachada Villa Guarita\" class=\"wp-block-jetpack-slideshow_image wp-image-649 lazyload\" data-id=\"649\" data-src=\"https:\/\/outeirovillas.com\/wp-content\/uploads\/2024\/05\/VILLA-GUARITA-@helderophoto-3-1-1024x1024.jpg\" data-srcset=\"https:\/\/outeirovillas.com\/wp-content\/uploads\/2024\/05\/VILLA-GUARITA-@helderophoto-3-1-1024x1024.jpg 1024w, https:\/\/outeirovillas.com\/wp-content\/uploads\/2024\/05\/VILLA-GUARITA-@helderophoto-3-1-300x300.jpg 300w, https:\/\/outeirovillas.com\/wp-content\/uploads\/2024\/05\/VILLA-GUARITA-@helderophoto-3-1-150x150.jpg 150w, https:\/\/outeirovillas.com\/wp-content\/uploads\/2024\/05\/VILLA-GUARITA-@helderophoto-3-1-768x768.jpg 768w, https:\/\/outeirovillas.com\/wp-content\/uploads\/2024\/05\/VILLA-GUARITA-@helderophoto-3-1-1536x1536.jpg 1536w, https:\/\/outeirovillas.com\/wp-content\/uploads\/2024\/05\/VILLA-GUARITA-@helderophoto-3-1.jpg 1920w\" data-sizes=\"(max-width: 1024px) 100vw, 1024px\" src=\"data:image\/svg+xml;base64,PHN2ZyB3aWR0aD0iMSIgaGVpZ2h0PSIxIiB4bWxucz0iaHR0cDovL3d3dy53My5vcmcvMjAwMC9zdmciPjwvc3ZnPg==\" style=\"--smush-placeholder-width: 1024px; --smush-placeholder-aspect-ratio: 1024\/1024;\" \/><\/figure><\/li><li class=\"wp-block-jetpack-slideshow_slide swiper-slide\"><figure><img decoding=\"async\" width=\"1024\" height=\"1024\" alt=\"jardim Villa Guarita\" class=\"wp-block-jetpack-slideshow_image wp-image-648 lazyload\" data-id=\"648\" data-src=\"https:\/\/outeirovillas.com\/wp-content\/uploads\/2024\/05\/VILLA-GUARITA-@helderophoto-6-1024x1024.jpg\" data-srcset=\"https:\/\/outeirovillas.com\/wp-content\/uploads\/2024\/05\/VILLA-GUARITA-@helderophoto-6-1024x1024.jpg 1024w, https:\/\/outeirovillas.com\/wp-content\/uploads\/2024\/05\/VILLA-GUARITA-@helderophoto-6-300x300.jpg 300w, https:\/\/outeirovillas.com\/wp-content\/uploads\/2024\/05\/VILLA-GUARITA-@helderophoto-6-150x150.jpg 150w, https:\/\/outeirovillas.com\/wp-content\/uploads\/2024\/05\/VILLA-GUARITA-@helderophoto-6-768x768.jpg 768w, https:\/\/outeirovillas.com\/wp-content\/uploads\/2024\/05\/VILLA-GUARITA-@helderophoto-6-1536x1536.jpg 1536w, https:\/\/outeirovillas.com\/wp-content\/uploads\/2024\/05\/VILLA-GUARITA-@helderophoto-6.jpg 1920w\" data-sizes=\"(max-width: 1024px) 100vw, 1024px\" src=\"data:image\/svg+xml;base64,PHN2ZyB3aWR0aD0iMSIgaGVpZ2h0PSIxIiB4bWxucz0iaHR0cDovL3d3dy53My5vcmcvMjAwMC9zdmciPjwvc3ZnPg==\" style=\"--smush-placeholder-width: 1024px; --smush-placeholder-aspect-ratio: 1024\/1024;\" \/><\/figure><\/li><li class=\"wp-block-jetpack-slideshow_slide swiper-slide\"><figure><img decoding=\"async\" width=\"1024\" height=\"1024\" alt=\"entrada - hall\" class=\"wp-block-jetpack-slideshow_image wp-image-651 lazyload\" data-id=\"651\" data-src=\"https:\/\/outeirovillas.com\/wp-content\/uploads\/2024\/05\/VILLA-GUARITA-@helderophoto-7-1024x1024.jpg\" data-srcset=\"https:\/\/outeirovillas.com\/wp-content\/uploads\/2024\/05\/VILLA-GUARITA-@helderophoto-7-1024x1024.jpg 1024w, https:\/\/outeirovillas.com\/wp-content\/uploads\/2024\/05\/VILLA-GUARITA-@helderophoto-7-300x300.jpg 300w, https:\/\/outeirovillas.com\/wp-content\/uploads\/2024\/05\/VILLA-GUARITA-@helderophoto-7-150x150.jpg 150w, https:\/\/outeirovillas.com\/wp-content\/uploads\/2024\/05\/VILLA-GUARITA-@helderophoto-7-768x768.jpg 768w, https:\/\/outeirovillas.com\/wp-content\/uploads\/2024\/05\/VILLA-GUARITA-@helderophoto-7-1536x1536.jpg 1536w, https:\/\/outeirovillas.com\/wp-content\/uploads\/2024\/05\/VILLA-GUARITA-@helderophoto-7.jpg 1920w\" data-sizes=\"(max-width: 1024px) 100vw, 1024px\" src=\"data:image\/svg+xml;base64,PHN2ZyB3aWR0aD0iMSIgaGVpZ2h0PSIxIiB4bWxucz0iaHR0cDovL3d3dy53My5vcmcvMjAwMC9zdmciPjwvc3ZnPg==\" style=\"--smush-placeholder-width: 1024px; --smush-placeholder-aspect-ratio: 1024\/1024;\" \/><\/figure><\/li><li class=\"wp-block-jetpack-slideshow_slide swiper-slide\"><figure><img decoding=\"async\" width=\"1024\" height=\"1024\" alt=\"zona comum\" class=\"wp-block-jetpack-slideshow_image wp-image-652 lazyload\" data-id=\"652\" data-src=\"https:\/\/outeirovillas.com\/wp-content\/uploads\/2024\/05\/VILLA-GUARITA-@helderophoto-9-1024x1024.jpg\" data-srcset=\"https:\/\/outeirovillas.com\/wp-content\/uploads\/2024\/05\/VILLA-GUARITA-@helderophoto-9-1024x1024.jpg 1024w, https:\/\/outeirovillas.com\/wp-content\/uploads\/2024\/05\/VILLA-GUARITA-@helderophoto-9-300x300.jpg 300w, https:\/\/outeirovillas.com\/wp-content\/uploads\/2024\/05\/VILLA-GUARITA-@helderophoto-9-150x150.jpg 150w, https:\/\/outeirovillas.com\/wp-content\/uploads\/2024\/05\/VILLA-GUARITA-@helderophoto-9-768x768.jpg 768w, https:\/\/outeirovillas.com\/wp-content\/uploads\/2024\/05\/VILLA-GUARITA-@helderophoto-9-1536x1536.jpg 1536w, https:\/\/outeirovillas.com\/wp-content\/uploads\/2024\/05\/VILLA-GUARITA-@helderophoto-9.jpg 1920w\" data-sizes=\"(max-width: 1024px) 100vw, 1024px\" src=\"data:image\/svg+xml;base64,PHN2ZyB3aWR0aD0iMSIgaGVpZ2h0PSIxIiB4bWxucz0iaHR0cDovL3d3dy53My5vcmcvMjAwMC9zdmciPjwvc3ZnPg==\" style=\"--smush-placeholder-width: 1024px; --smush-placeholder-aspect-ratio: 1024\/1024;\" \/><\/figure><\/li><li class=\"wp-block-jetpack-slideshow_slide swiper-slide\"><figure><img decoding=\"async\" width=\"1024\" height=\"1024\" alt=\"Villa Guarita\" class=\"wp-block-jetpack-slideshow_image wp-image-663 lazyload\" data-id=\"663\" data-src=\"https:\/\/outeirovillas.com\/wp-content\/uploads\/2024\/05\/VILLA-GUARITA-@helderophoto-12-1-1024x1024.jpg\" data-srcset=\"https:\/\/outeirovillas.com\/wp-content\/uploads\/2024\/05\/VILLA-GUARITA-@helderophoto-12-1-1024x1024.jpg 1024w, https:\/\/outeirovillas.com\/wp-content\/uploads\/2024\/05\/VILLA-GUARITA-@helderophoto-12-1-300x300.jpg 300w, https:\/\/outeirovillas.com\/wp-content\/uploads\/2024\/05\/VILLA-GUARITA-@helderophoto-12-1-150x150.jpg 150w, https:\/\/outeirovillas.com\/wp-content\/uploads\/2024\/05\/VILLA-GUARITA-@helderophoto-12-1-768x768.jpg 768w, https:\/\/outeirovillas.com\/wp-content\/uploads\/2024\/05\/VILLA-GUARITA-@helderophoto-12-1-1536x1536.jpg 1536w, https:\/\/outeirovillas.com\/wp-content\/uploads\/2024\/05\/VILLA-GUARITA-@helderophoto-12-1.jpg 1920w\" data-sizes=\"(max-width: 1024px) 100vw, 1024px\" src=\"data:image\/svg+xml;base64,PHN2ZyB3aWR0aD0iMSIgaGVpZ2h0PSIxIiB4bWxucz0iaHR0cDovL3d3dy53My5vcmcvMjAwMC9zdmciPjwvc3ZnPg==\" style=\"--smush-placeholder-width: 1024px; --smush-placeholder-aspect-ratio: 1024\/1024;\" \/><\/figure><\/li><li class=\"wp-block-jetpack-slideshow_slide swiper-slide\"><figure><img decoding=\"async\" width=\"1024\" height=\"1024\" alt=\"Villa Guarita\" class=\"wp-block-jetpack-slideshow_image wp-image-664 lazyload\" data-id=\"664\" data-src=\"https:\/\/outeirovillas.com\/wp-content\/uploads\/2024\/05\/VILLA-GUARITA-@helderophoto-13-1-1024x1024.jpg\" data-srcset=\"https:\/\/outeirovillas.com\/wp-content\/uploads\/2024\/05\/VILLA-GUARITA-@helderophoto-13-1-1024x1024.jpg 1024w, https:\/\/outeirovillas.com\/wp-content\/uploads\/2024\/05\/VILLA-GUARITA-@helderophoto-13-1-300x300.jpg 300w, https:\/\/outeirovillas.com\/wp-content\/uploads\/2024\/05\/VILLA-GUARITA-@helderophoto-13-1-150x150.jpg 150w, https:\/\/outeirovillas.com\/wp-content\/uploads\/2024\/05\/VILLA-GUARITA-@helderophoto-13-1-768x768.jpg 768w, https:\/\/outeirovillas.com\/wp-content\/uploads\/2024\/05\/VILLA-GUARITA-@helderophoto-13-1-1536x1536.jpg 1536w, https:\/\/outeirovillas.com\/wp-content\/uploads\/2024\/05\/VILLA-GUARITA-@helderophoto-13-1.jpg 1920w\" data-sizes=\"(max-width: 1024px) 100vw, 1024px\" src=\"data:image\/svg+xml;base64,PHN2ZyB3aWR0aD0iMSIgaGVpZ2h0PSIxIiB4bWxucz0iaHR0cDovL3d3dy53My5vcmcvMjAwMC9zdmciPjwvc3ZnPg==\" style=\"--smush-placeholder-width: 1024px; --smush-placeholder-aspect-ratio: 1024\/1024;\" \/><\/figure><\/li><li class=\"wp-block-jetpack-slideshow_slide swiper-slide\"><figure><img decoding=\"async\" width=\"1024\" height=\"1024\" alt=\"sala de estar\" class=\"wp-block-jetpack-slideshow_image wp-image-665 lazyload\" data-id=\"665\" data-src=\"https:\/\/outeirovillas.com\/wp-content\/uploads\/2024\/05\/VILLA-GUARITA-@helderophoto-18-1-1024x1024.jpg\" data-srcset=\"https:\/\/outeirovillas.com\/wp-content\/uploads\/2024\/05\/VILLA-GUARITA-@helderophoto-18-1-1024x1024.jpg 1024w, https:\/\/outeirovillas.com\/wp-content\/uploads\/2024\/05\/VILLA-GUARITA-@helderophoto-18-1-300x300.jpg 300w, https:\/\/outeirovillas.com\/wp-content\/uploads\/2024\/05\/VILLA-GUARITA-@helderophoto-18-1-150x150.jpg 150w, https:\/\/outeirovillas.com\/wp-content\/uploads\/2024\/05\/VILLA-GUARITA-@helderophoto-18-1-768x768.jpg 768w, https:\/\/outeirovillas.com\/wp-content\/uploads\/2024\/05\/VILLA-GUARITA-@helderophoto-18-1-1536x1536.jpg 1536w, https:\/\/outeirovillas.com\/wp-content\/uploads\/2024\/05\/VILLA-GUARITA-@helderophoto-18-1.jpg 1920w\" data-sizes=\"(max-width: 1024px) 100vw, 1024px\" src=\"data:image\/svg+xml;base64,PHN2ZyB3aWR0aD0iMSIgaGVpZ2h0PSIxIiB4bWxucz0iaHR0cDovL3d3dy53My5vcmcvMjAwMC9zdmciPjwvc3ZnPg==\" style=\"--smush-placeholder-width: 1024px; --smush-placeholder-aspect-ratio: 1024\/1024;\" \/><\/figure><\/li><li class=\"wp-block-jetpack-slideshow_slide swiper-slide\"><figure><img decoding=\"async\" width=\"1024\" height=\"1024\" alt=\"cozinha\" class=\"wp-block-jetpack-slideshow_image wp-image-666 lazyload\" data-id=\"666\" data-src=\"https:\/\/outeirovillas.com\/wp-content\/uploads\/2024\/05\/VILLA-GUARITA-@helderophoto-21-1-1024x1024.jpg\" data-srcset=\"https:\/\/outeirovillas.com\/wp-content\/uploads\/2024\/05\/VILLA-GUARITA-@helderophoto-21-1-1024x1024.jpg 1024w, https:\/\/outeirovillas.com\/wp-content\/uploads\/2024\/05\/VILLA-GUARITA-@helderophoto-21-1-300x300.jpg 300w, https:\/\/outeirovillas.com\/wp-content\/uploads\/2024\/05\/VILLA-GUARITA-@helderophoto-21-1-150x150.jpg 150w, https:\/\/outeirovillas.com\/wp-content\/uploads\/2024\/05\/VILLA-GUARITA-@helderophoto-21-1-768x768.jpg 768w, https:\/\/outeirovillas.com\/wp-content\/uploads\/2024\/05\/VILLA-GUARITA-@helderophoto-21-1-1536x1536.jpg 1536w, https:\/\/outeirovillas.com\/wp-content\/uploads\/2024\/05\/VILLA-GUARITA-@helderophoto-21-1.jpg 1920w\" data-sizes=\"(max-width: 1024px) 100vw, 1024px\" src=\"data:image\/svg+xml;base64,PHN2ZyB3aWR0aD0iMSIgaGVpZ2h0PSIxIiB4bWxucz0iaHR0cDovL3d3dy53My5vcmcvMjAwMC9zdmciPjwvc3ZnPg==\" style=\"--smush-placeholder-width: 1024px; --smush-placeholder-aspect-ratio: 1024\/1024;\" \/><\/figure><\/li><li class=\"wp-block-jetpack-slideshow_slide swiper-slide\"><figure><img decoding=\"async\" width=\"1024\" height=\"1024\" alt=\"quarto crian\u00e7a\/familia\" class=\"wp-block-jetpack-slideshow_image wp-image-667 lazyload\" data-id=\"667\" data-src=\"https:\/\/outeirovillas.com\/wp-content\/uploads\/2024\/05\/VILLA-GUARITA-@helderophoto-25-1-1024x1024.jpg\" data-srcset=\"https:\/\/outeirovillas.com\/wp-content\/uploads\/2024\/05\/VILLA-GUARITA-@helderophoto-25-1-1024x1024.jpg 1024w, https:\/\/outeirovillas.com\/wp-content\/uploads\/2024\/05\/VILLA-GUARITA-@helderophoto-25-1-300x300.jpg 300w, https:\/\/outeirovillas.com\/wp-content\/uploads\/2024\/05\/VILLA-GUARITA-@helderophoto-25-1-150x150.jpg 150w, https:\/\/outeirovillas.com\/wp-content\/uploads\/2024\/05\/VILLA-GUARITA-@helderophoto-25-1-768x768.jpg 768w, https:\/\/outeirovillas.com\/wp-content\/uploads\/2024\/05\/VILLA-GUARITA-@helderophoto-25-1-1536x1536.jpg 1536w, https:\/\/outeirovillas.com\/wp-content\/uploads\/2024\/05\/VILLA-GUARITA-@helderophoto-25-1.jpg 1920w\" data-sizes=\"(max-width: 1024px) 100vw, 1024px\" src=\"data:image\/svg+xml;base64,PHN2ZyB3aWR0aD0iMSIgaGVpZ2h0PSIxIiB4bWxucz0iaHR0cDovL3d3dy53My5vcmcvMjAwMC9zdmciPjwvc3ZnPg==\" style=\"--smush-placeholder-width: 1024px; --smush-placeholder-aspect-ratio: 1024\/1024;\" \/><\/figure><\/li><li class=\"wp-block-jetpack-slideshow_slide swiper-slide\"><figure><img decoding=\"async\" width=\"1024\" height=\"1024\" alt=\"wc\" class=\"wp-block-jetpack-slideshow_image wp-image-668 lazyload\" data-id=\"668\" data-src=\"https:\/\/outeirovillas.com\/wp-content\/uploads\/2024\/05\/VILLA-GUARITA-@helderophoto-28-1-1024x1024.jpg\" data-srcset=\"https:\/\/outeirovillas.com\/wp-content\/uploads\/2024\/05\/VILLA-GUARITA-@helderophoto-28-1-1024x1024.jpg 1024w, https:\/\/outeirovillas.com\/wp-content\/uploads\/2024\/05\/VILLA-GUARITA-@helderophoto-28-1-300x300.jpg 300w, https:\/\/outeirovillas.com\/wp-content\/uploads\/2024\/05\/VILLA-GUARITA-@helderophoto-28-1-150x150.jpg 150w, https:\/\/outeirovillas.com\/wp-content\/uploads\/2024\/05\/VILLA-GUARITA-@helderophoto-28-1-768x768.jpg 768w, https:\/\/outeirovillas.com\/wp-content\/uploads\/2024\/05\/VILLA-GUARITA-@helderophoto-28-1-1536x1536.jpg 1536w, https:\/\/outeirovillas.com\/wp-content\/uploads\/2024\/05\/VILLA-GUARITA-@helderophoto-28-1.jpg 1920w\" data-sizes=\"(max-width: 1024px) 100vw, 1024px\" src=\"data:image\/svg+xml;base64,PHN2ZyB3aWR0aD0iMSIgaGVpZ2h0PSIxIiB4bWxucz0iaHR0cDovL3d3dy53My5vcmcvMjAwMC9zdmciPjwvc3ZnPg==\" style=\"--smush-placeholder-width: 1024px; --smush-placeholder-aspect-ratio: 1024\/1024;\" \/><\/figure><\/li><li class=\"wp-block-jetpack-slideshow_slide swiper-slide\"><figure><img decoding=\"async\" width=\"1024\" height=\"1024\" alt=\"quarto duplo\" class=\"wp-block-jetpack-slideshow_image wp-image-669 lazyload\" data-id=\"669\" data-src=\"https:\/\/outeirovillas.com\/wp-content\/uploads\/2024\/05\/VILLA-GUARITA-@helderophoto-33-1-1024x1024.jpg\" data-srcset=\"https:\/\/outeirovillas.com\/wp-content\/uploads\/2024\/05\/VILLA-GUARITA-@helderophoto-33-1-1024x1024.jpg 1024w, https:\/\/outeirovillas.com\/wp-content\/uploads\/2024\/05\/VILLA-GUARITA-@helderophoto-33-1-300x300.jpg 300w, https:\/\/outeirovillas.com\/wp-content\/uploads\/2024\/05\/VILLA-GUARITA-@helderophoto-33-1-150x150.jpg 150w, https:\/\/outeirovillas.com\/wp-content\/uploads\/2024\/05\/VILLA-GUARITA-@helderophoto-33-1-768x768.jpg 768w, https:\/\/outeirovillas.com\/wp-content\/uploads\/2024\/05\/VILLA-GUARITA-@helderophoto-33-1-1536x1536.jpg 1536w, https:\/\/outeirovillas.com\/wp-content\/uploads\/2024\/05\/VILLA-GUARITA-@helderophoto-33-1.jpg 1920w\" data-sizes=\"(max-width: 1024px) 100vw, 1024px\" src=\"data:image\/svg+xml;base64,PHN2ZyB3aWR0aD0iMSIgaGVpZ2h0PSIxIiB4bWxucz0iaHR0cDovL3d3dy53My5vcmcvMjAwMC9zdmciPjwvc3ZnPg==\" style=\"--smush-placeholder-width: 1024px; --smush-placeholder-aspect-ratio: 1024\/1024;\" \/><\/figure><\/li><li class=\"wp-block-jetpack-slideshow_slide swiper-slide\"><figure><img decoding=\"async\" width=\"1024\" height=\"1024\" alt=\"quarto casal\" class=\"wp-block-jetpack-slideshow_image wp-image-670 lazyload\" data-id=\"670\" data-src=\"https:\/\/outeirovillas.com\/wp-content\/uploads\/2024\/05\/VILLA-GUARITA-@helderophoto-35-1-1024x1024.jpg\" data-srcset=\"https:\/\/outeirovillas.com\/wp-content\/uploads\/2024\/05\/VILLA-GUARITA-@helderophoto-35-1-1024x1024.jpg 1024w, https:\/\/outeirovillas.com\/wp-content\/uploads\/2024\/05\/VILLA-GUARITA-@helderophoto-35-1-300x300.jpg 300w, https:\/\/outeirovillas.com\/wp-content\/uploads\/2024\/05\/VILLA-GUARITA-@helderophoto-35-1-150x150.jpg 150w, https:\/\/outeirovillas.com\/wp-content\/uploads\/2024\/05\/VILLA-GUARITA-@helderophoto-35-1-768x768.jpg 768w, https:\/\/outeirovillas.com\/wp-content\/uploads\/2024\/05\/VILLA-GUARITA-@helderophoto-35-1-1536x1536.jpg 1536w, https:\/\/outeirovillas.com\/wp-content\/uploads\/2024\/05\/VILLA-GUARITA-@helderophoto-35-1.jpg 1920w\" data-sizes=\"(max-width: 1024px) 100vw, 1024px\" src=\"data:image\/svg+xml;base64,PHN2ZyB3aWR0aD0iMSIgaGVpZ2h0PSIxIiB4bWxucz0iaHR0cDovL3d3dy53My5vcmcvMjAwMC9zdmciPjwvc3ZnPg==\" style=\"--smush-placeholder-width: 1024px; --smush-placeholder-aspect-ratio: 1024\/1024;\" \/><\/figure><\/li><li class=\"wp-block-jetpack-slideshow_slide swiper-slide\"><figure><img decoding=\"async\" width=\"1024\" height=\"1024\" alt=\"wc\" class=\"wp-block-jetpack-slideshow_image wp-image-671 lazyload\" data-id=\"671\" data-src=\"https:\/\/outeirovillas.com\/wp-content\/uploads\/2024\/05\/VILLA-GUARITA-@helderophoto-42-1-1024x1024.jpg\" data-srcset=\"https:\/\/outeirovillas.com\/wp-content\/uploads\/2024\/05\/VILLA-GUARITA-@helderophoto-42-1-1024x1024.jpg 1024w, https:\/\/outeirovillas.com\/wp-content\/uploads\/2024\/05\/VILLA-GUARITA-@helderophoto-42-1-300x300.jpg 300w, https:\/\/outeirovillas.com\/wp-content\/uploads\/2024\/05\/VILLA-GUARITA-@helderophoto-42-1-150x150.jpg 150w, https:\/\/outeirovillas.com\/wp-content\/uploads\/2024\/05\/VILLA-GUARITA-@helderophoto-42-1-768x768.jpg 768w, https:\/\/outeirovillas.com\/wp-content\/uploads\/2024\/05\/VILLA-GUARITA-@helderophoto-42-1-1536x1536.jpg 1536w, https:\/\/outeirovillas.com\/wp-content\/uploads\/2024\/05\/VILLA-GUARITA-@helderophoto-42-1.jpg 1920w\" data-sizes=\"(max-width: 1024px) 100vw, 1024px\" src=\"data:image\/svg+xml;base64,PHN2ZyB3aWR0aD0iMSIgaGVpZ2h0PSIxIiB4bWxucz0iaHR0cDovL3d3dy53My5vcmcvMjAwMC9zdmciPjwvc3ZnPg==\" style=\"--smush-placeholder-width: 1024px; --smush-placeholder-aspect-ratio: 1024\/1024;\" \/><\/figure><\/li><\/ul><a class=\"wp-block-jetpack-slideshow_button-prev swiper-button-prev swiper-button-white\" role=\"button\"><\/a><a class=\"wp-block-jetpack-slideshow_button-next swiper-button-next swiper-button-white\" role=\"button\"><\/a><a aria-label=\"Pause Slideshow\" class=\"wp-block-jetpack-slideshow_button-pause\" role=\"button\"><\/a><div class=\"wp-block-jetpack-slideshow_pagination swiper-pagination swiper-pagination-white\"><\/div><\/div><\/div><\/div>\n\n\n\n<div style=\"height:calc( 0.25 * var(u002du002dwpu002du002dstyleu002du002drootu002du002dpadding-right, var(u002du002dwpu002du002dcustomu002du002dgapu002du002dhorizontal)))\" aria-hidden=\"true\" class=\"wp-block-spacer\"><\/div>\n\n\n\n<p class=\"has-text-align-justify\"><strong>Villa Guarita<\/strong> | T3 \u2013 8 persons <\/p>\n\n\n\n<p class=\"has-text-align-justify\">Named after the mountain and the water spring \u2018Guarita\u2019, its color is yellow. A spacious and modern architecture, synonymous with comfort. With two floors, the lower floor in 'Open Space', ideal for family gatherings.<\/p>\n\n\n\n<div style=\"height:17px\" aria-hidden=\"true\" class=\"wp-block-spacer\"><\/div>\n<\/div>\n\n\n\n<div class=\"wp-block-group alignfull has-global-padding is-content-justification-center is-layout-constrained wp-container-core-group-is-layout-888b3e69 wp-block-group-is-layout-constrained\" style=\"margin-top:0;margin-bottom:0;padding-top:calc( 0.5 * var(u002du002dwpu002du002dstyleu002du002drootu002du002dpadding-right, var(u002du002dwpu002du002dcustomu002du002dgapu002du002dhorizontal)));padding-right:var(u002du002dwpu002du002dstyleu002du002drootu002du002dpadding-right, var(u002du002dwpu002du002dcustomu002du002dgapu002du002dhorizontal));padding-bottom:calc( 0.5 * var(u002du002dwpu002du002dstyleu002du002drootu002du002dpadding-right, var(u002du002dwpu002du002dcustomu002du002dgapu002du002dhorizontal)));padding-left:var(u002du002dwpu002du002dstyleu002du002drootu002du002dpadding-left, var(u002du002dwpu002du002dcustomu002du002dgapu002du002dhorizontal))\">\n<div class=\"wp-block-columns alignwide is-layout-flex wp-container-core-columns-is-layout-9e5fed7c wp-block-columns-is-layout-flex\" style=\"padding-top:var(--wp--preset--spacing--10);padding-bottom:var(--wp--preset--spacing--10)\">\n<div class=\"wp-block-column is-layout-flow wp-block-column-is-layout-flow\">\n<h2 class=\"wp-block-heading has-large-font-size wp-container-content-958eb9dc\">This accommodation offers<\/h2>\n\n\n\n<div style=\"margin-top:0;margin-bottom:0;height:var(--wp--preset--spacing--10)\" aria-hidden=\"true\" class=\"wp-block-spacer\"><\/div>\n<\/div>\n\n\n\n<div class=\"wp-block-column is-layout-flow wp-container-core-column-is-layout-8a368f38 wp-block-column-is-layout-flow\">\n<div class=\"wp-block-group is-vertical is-layout-flex wp-container-core-group-is-layout-fe9cc265 wp-block-group-is-layout-flex\">\n<ul class=\"wp-block-list\">\n<li>1 king-size bed<\/li>\n\n\n\n<li>2 twins beds<\/li>\n\n\n\n<li>1 single bed, 1 double bed and 1 bunk bed<\/li>\n\n\n\n<li>Private bathrooms (with towels, toiletries and hairdryer)<\/li>\n<\/ul>\n<\/div>\n\n\n\n<div class=\"wp-block-group is-vertical is-layout-flex wp-container-core-group-is-layout-fe9cc265 wp-block-group-is-layout-flex\">\n<ul class=\"wp-block-list\">\n<li>Internet, TV, Servi\u00e7o streaming<\/li>\n\n\n\n<li>Fully equipped kitchen<\/li>\n\n\n\n<li>Dining area and living room with fireplace<\/li>\n\n\n\n<li>Alarm and extinguishers<\/li>\n\n\n\n<li>AC <\/li>\n\n\n\n<li>Laundry (washing machine and dryer)<\/li>\n\n\n\n<li>Balcony and garden<\/li>\n\n\n\n<li>Terrace with dining area and barbecue<\/li>\n<\/ul>\n<\/div>\n<\/div>\n\n\n\n<div class=\"wp-block-column is-layout-flow wp-container-core-column-is-layout-8a368f38 wp-block-column-is-layout-flow\">\n<div class=\"wp-block-group is-vertical is-layout-flex wp-container-core-group-is-layout-fe9cc265 wp-block-group-is-layout-flex\">\n<ul class=\"wp-block-list\">\n<li>Private house with independent access<\/li>\n\n\n\n<li>Free parking<\/li>\n\n\n\n<li>Shared outdoor pool<\/li>\n<\/ul>\n<\/div>\n\n\n\n<div style=\"height:var(--wp--preset--spacing--30)\" aria-hidden=\"true\" class=\"wp-block-spacer\"><\/div>\n<\/div>\n<\/div>\n<\/div>\n\n\n\n<p><\/p>\n\n\n\n<div style=\"height:calc( 0.25 * var(u002du002dwpu002du002dstyleu002du002drootu002du002dpadding-right, var(u002du002dwpu002du002dcustomu002du002dgapu002du002dhorizontal)))\" aria-hidden=\"true\" class=\"wp-block-spacer\"><\/div>\n\n\n\n<div class=\"wp-block-group alignfull has-global-padding is-content-justification-center is-layout-constrained wp-container-core-group-is-layout-888b3e69 wp-block-group-is-layout-constrained\" style=\"margin-top:0;margin-bottom:0;padding-top:calc( 0.5 * var(u002du002dwpu002du002dstyleu002du002drootu002du002dpadding-right, var(u002du002dwpu002du002dcustomu002du002dgapu002du002dhorizontal)));padding-right:var(u002du002dwpu002du002dstyleu002du002drootu002du002dpadding-right, var(u002du002dwpu002du002dcustomu002du002dgapu002du002dhorizontal));padding-bottom:calc( 0.5 * var(u002du002dwpu002du002dstyleu002du002drootu002du002dpadding-right, var(u002du002dwpu002du002dcustomu002du002dgapu002du002dhorizontal)));padding-left:var(u002du002dwpu002du002dstyleu002du002drootu002du002dpadding-left, var(u002du002dwpu002du002dcustomu002du002dgapu002du002dhorizontal))\">\n<div class=\"wp-block-buttons is-content-justification-center is-layout-flex wp-container-core-buttons-is-layout-a89b3969 wp-block-buttons-is-layout-flex\">\n<div class=\"wp-block-button\"><a class=\"wp-block-button__link wp-element-button\" href=\"https:\/\/outeirovillas.com\/en_gb\/reservas\/\">Book now<\/a><\/div>\n<\/div>\n<\/div>\n\n\n\n<p><\/p>\n\n\n\n<p><\/p>","protected":false},"excerpt":{"rendered":"<p>Villa Guarita Villa Guarita | T3 &#8211; 8 pessoas Batizada com o nome do monte e da nascente de \u00e1gua &#8216;Guarita&#8217; tem o amarelo como cor. Uma arquitetura ampla e moderna, sin\u00f3nimo de conforto. Com dois andares, onde o piso inferior em &#8216;Open Space&#8217; \u00e9 ideal para o conv\u00edvio entre fam\u00edlias. Comodidades<\/p>","protected":false},"author":3,"featured_media":473,"parent":0,"menu_order":0,"comment_status":"closed","ping_status":"closed","template":"","meta":{"powered_cache_disable_cache":false,"footnotes":""},"class_list":["post-60","page","type-page","status-publish","has-post-thumbnail","hentry"],"aioseo_notices":[],"jetpack_sharing_enabled":true,"_links":{"self":[{"href":"https:\/\/outeirovillas.com\/en_gb\/wp-json\/wp\/v2\/pages\/60","targetHints":{"allow":["GET"]}}],"collection":[{"href":"https:\/\/outeirovillas.com\/en_gb\/wp-json\/wp\/v2\/pages"}],"about":[{"href":"https:\/\/outeirovillas.com\/en_gb\/wp-json\/wp\/v2\/types\/page"}],"author":[{"embeddable":true,"href":"https:\/\/outeirovillas.com\/en_gb\/wp-json\/wp\/v2\/users\/3"}],"replies":[{"embeddable":true,"href":"https:\/\/outeirovillas.com\/en_gb\/wp-json\/wp\/v2\/comments?post=60"}],"version-history":[{"count":33,"href":"https:\/\/outeirovillas.com\/en_gb\/wp-json\/wp\/v2\/pages\/60\/revisions"}],"predecessor-version":[{"id":1085,"href":"https:\/\/outeirovillas.com\/en_gb\/wp-json\/wp\/v2\/pages\/60\/revisions\/1085"}],"wp:featuredmedia":[{"embeddable":true,"href":"https:\/\/outeirovillas.com\/en_gb\/wp-json\/wp\/v2\/media\/473"}],"wp:attachment":[{"href":"https:\/\/outeirovillas.com\/en_gb\/wp-json\/wp\/v2\/media?parent=60"}],"curies":[{"name":"wp","href":"https:\/\/api.w.org\/{rel}","templated":true}]}}