{"id":53,"date":"2024-04-05T17:30:08","date_gmt":"2024-04-05T16:30:08","guid":{"rendered":"https:\/\/outeirovillas.wordpress.com\/?page_id=53"},"modified":"2024-05-28T14:40:53","modified_gmt":"2024-05-28T14:40:53","slug":"villa-outeiro","status":"publish","type":"page","link":"https:\/\/outeirovillas.com\/en_gb\/villa-outeiro\/","title":{"rendered":"Villa Outeiro"},"content":{"rendered":"<div style=\"height:30px\" aria-hidden=\"true\" class=\"wp-block-spacer\"><\/div>\n\n\n\n<h1 class=\"wp-block-heading alignwide has-text-align-center\">Villa Outeiro<\/h1>\n\n\n\n<div class=\"wp-block-group alignfull has-global-padding is-content-justification-center is-layout-constrained wp-container-core-group-is-layout-0425e432 wp-block-group-is-layout-constrained\" style=\"margin-top:0;margin-bottom:0;padding-top:calc( 0.5 * var(--wp--style--root--padding-right, var(--wp--custom--gap--horizontal)));padding-right:var(--wp--style--root--padding-right, var(--wp--custom--gap--horizontal));padding-bottom:calc( 0.5 * var(--wp--style--root--padding-right, var(--wp--custom--gap--horizontal)));padding-left:var(--wp--style--root--padding-left, var(--wp--custom--gap--horizontal))\">\n<div class=\"wp-block-jetpack-slideshow\"><div data-effect=\"slide\"><div class=\"wp-block-jetpack-slideshow_container swiper-container\"><ul class=\"wp-block-jetpack-slideshow_swiper-wrapper swiper-wrapper\"><li class=\"wp-block-jetpack-slideshow_slide swiper-slide\"><figure><img decoding=\"async\" width=\"1024\" height=\"705\" alt=\"villa Outeiro\" class=\"wp-block-jetpack-slideshow_image wp-image-704 lazyload\" data-id=\"704\" data-src=\"https:\/\/outeirovillas.com\/wp-content\/uploads\/2024\/05\/OUTEIRO-VILLAS-@helderophoto-14-1-1024x705.jpg\" data-srcset=\"https:\/\/outeirovillas.com\/wp-content\/uploads\/2024\/05\/OUTEIRO-VILLAS-@helderophoto-14-1-1024x705.jpg 1024w, https:\/\/outeirovillas.com\/wp-content\/uploads\/2024\/05\/OUTEIRO-VILLAS-@helderophoto-14-1-300x207.jpg 300w, https:\/\/outeirovillas.com\/wp-content\/uploads\/2024\/05\/OUTEIRO-VILLAS-@helderophoto-14-1-768x529.jpg 768w, https:\/\/outeirovillas.com\/wp-content\/uploads\/2024\/05\/OUTEIRO-VILLAS-@helderophoto-14-1.jpg 1477w\" data-sizes=\"(max-width: 1024px) 100vw, 1024px\" src=\"data:image\/svg+xml;base64,PHN2ZyB3aWR0aD0iMSIgaGVpZ2h0PSIxIiB4bWxucz0iaHR0cDovL3d3dy53My5vcmcvMjAwMC9zdmciPjwvc3ZnPg==\" style=\"--smush-placeholder-width: 1024px; --smush-placeholder-aspect-ratio: 1024\/705;\" \/><\/figure><\/li><li class=\"wp-block-jetpack-slideshow_slide swiper-slide\"><figure><img decoding=\"async\" width=\"1024\" height=\"1024\" alt=\"villa Outeiro\" class=\"wp-block-jetpack-slideshow_image wp-image-687 lazyload\" data-id=\"687\" data-src=\"https:\/\/outeirovillas.com\/wp-content\/uploads\/2024\/05\/VILLA-OUTEIRO-@helderophoto-2-1024x1024.jpg\" data-srcset=\"https:\/\/outeirovillas.com\/wp-content\/uploads\/2024\/05\/VILLA-OUTEIRO-@helderophoto-2-1024x1024.jpg 1024w, https:\/\/outeirovillas.com\/wp-content\/uploads\/2024\/05\/VILLA-OUTEIRO-@helderophoto-2-300x300.jpg 300w, https:\/\/outeirovillas.com\/wp-content\/uploads\/2024\/05\/VILLA-OUTEIRO-@helderophoto-2-150x150.jpg 150w, https:\/\/outeirovillas.com\/wp-content\/uploads\/2024\/05\/VILLA-OUTEIRO-@helderophoto-2-768x768.jpg 768w, https:\/\/outeirovillas.com\/wp-content\/uploads\/2024\/05\/VILLA-OUTEIRO-@helderophoto-2-1536x1536.jpg 1536w, https:\/\/outeirovillas.com\/wp-content\/uploads\/2024\/05\/VILLA-OUTEIRO-@helderophoto-2.jpg 1920w\" data-sizes=\"(max-width: 1024px) 100vw, 1024px\" src=\"data:image\/svg+xml;base64,PHN2ZyB3aWR0aD0iMSIgaGVpZ2h0PSIxIiB4bWxucz0iaHR0cDovL3d3dy53My5vcmcvMjAwMC9zdmciPjwvc3ZnPg==\" style=\"--smush-placeholder-width: 1024px; --smush-placeholder-aspect-ratio: 1024\/1024;\" \/><\/figure><\/li><li class=\"wp-block-jetpack-slideshow_slide swiper-slide\"><figure><img decoding=\"async\" width=\"1024\" height=\"1024\" alt=\"jardim villa Outeiro\" class=\"wp-block-jetpack-slideshow_image wp-image-689 lazyload\" data-id=\"689\" data-src=\"https:\/\/outeirovillas.com\/wp-content\/uploads\/2024\/05\/VILLA-OUTEIRO-@helderophoto-5-1024x1024.jpg\" data-srcset=\"https:\/\/outeirovillas.com\/wp-content\/uploads\/2024\/05\/VILLA-OUTEIRO-@helderophoto-5-1024x1024.jpg 1024w, https:\/\/outeirovillas.com\/wp-content\/uploads\/2024\/05\/VILLA-OUTEIRO-@helderophoto-5-300x300.jpg 300w, https:\/\/outeirovillas.com\/wp-content\/uploads\/2024\/05\/VILLA-OUTEIRO-@helderophoto-5-150x150.jpg 150w, https:\/\/outeirovillas.com\/wp-content\/uploads\/2024\/05\/VILLA-OUTEIRO-@helderophoto-5-768x768.jpg 768w, https:\/\/outeirovillas.com\/wp-content\/uploads\/2024\/05\/VILLA-OUTEIRO-@helderophoto-5-1536x1536.jpg 1536w, https:\/\/outeirovillas.com\/wp-content\/uploads\/2024\/05\/VILLA-OUTEIRO-@helderophoto-5.jpg 1920w\" data-sizes=\"(max-width: 1024px) 100vw, 1024px\" src=\"data:image\/svg+xml;base64,PHN2ZyB3aWR0aD0iMSIgaGVpZ2h0PSIxIiB4bWxucz0iaHR0cDovL3d3dy53My5vcmcvMjAwMC9zdmciPjwvc3ZnPg==\" style=\"--smush-placeholder-width: 1024px; --smush-placeholder-aspect-ratio: 1024\/1024;\" \/><\/figure><\/li><li class=\"wp-block-jetpack-slideshow_slide swiper-slide\"><figure><img decoding=\"async\" width=\"1024\" height=\"1024\" alt=\"cozinha\" class=\"wp-block-jetpack-slideshow_image wp-image-691 lazyload\" data-id=\"691\" data-src=\"https:\/\/outeirovillas.com\/wp-content\/uploads\/2024\/05\/VILLA-OUTEIRO-@helderophoto-10-1024x1024.jpg\" data-srcset=\"https:\/\/outeirovillas.com\/wp-content\/uploads\/2024\/05\/VILLA-OUTEIRO-@helderophoto-10-1024x1024.jpg 1024w, https:\/\/outeirovillas.com\/wp-content\/uploads\/2024\/05\/VILLA-OUTEIRO-@helderophoto-10-300x300.jpg 300w, https:\/\/outeirovillas.com\/wp-content\/uploads\/2024\/05\/VILLA-OUTEIRO-@helderophoto-10-150x150.jpg 150w, https:\/\/outeirovillas.com\/wp-content\/uploads\/2024\/05\/VILLA-OUTEIRO-@helderophoto-10-768x768.jpg 768w, https:\/\/outeirovillas.com\/wp-content\/uploads\/2024\/05\/VILLA-OUTEIRO-@helderophoto-10-1536x1536.jpg 1536w, https:\/\/outeirovillas.com\/wp-content\/uploads\/2024\/05\/VILLA-OUTEIRO-@helderophoto-10.jpg 1920w\" data-sizes=\"(max-width: 1024px) 100vw, 1024px\" src=\"data:image\/svg+xml;base64,PHN2ZyB3aWR0aD0iMSIgaGVpZ2h0PSIxIiB4bWxucz0iaHR0cDovL3d3dy53My5vcmcvMjAwMC9zdmciPjwvc3ZnPg==\" style=\"--smush-placeholder-width: 1024px; --smush-placeholder-aspect-ratio: 1024\/1024;\" \/><\/figure><\/li><li class=\"wp-block-jetpack-slideshow_slide swiper-slide\"><figure><img decoding=\"async\" width=\"1024\" height=\"1024\" alt=\"sala estar\" class=\"wp-block-jetpack-slideshow_image wp-image-693 lazyload\" data-id=\"693\" data-src=\"https:\/\/outeirovillas.com\/wp-content\/uploads\/2024\/05\/VILLA-OUTEIRO-@helderophoto-11-1024x1024.jpg\" data-srcset=\"https:\/\/outeirovillas.com\/wp-content\/uploads\/2024\/05\/VILLA-OUTEIRO-@helderophoto-11-1024x1024.jpg 1024w, https:\/\/outeirovillas.com\/wp-content\/uploads\/2024\/05\/VILLA-OUTEIRO-@helderophoto-11-300x300.jpg 300w, https:\/\/outeirovillas.com\/wp-content\/uploads\/2024\/05\/VILLA-OUTEIRO-@helderophoto-11-150x150.jpg 150w, https:\/\/outeirovillas.com\/wp-content\/uploads\/2024\/05\/VILLA-OUTEIRO-@helderophoto-11-768x768.jpg 768w, https:\/\/outeirovillas.com\/wp-content\/uploads\/2024\/05\/VILLA-OUTEIRO-@helderophoto-11-1536x1536.jpg 1536w, https:\/\/outeirovillas.com\/wp-content\/uploads\/2024\/05\/VILLA-OUTEIRO-@helderophoto-11.jpg 1920w\" data-sizes=\"(max-width: 1024px) 100vw, 1024px\" src=\"data:image\/svg+xml;base64,PHN2ZyB3aWR0aD0iMSIgaGVpZ2h0PSIxIiB4bWxucz0iaHR0cDovL3d3dy53My5vcmcvMjAwMC9zdmciPjwvc3ZnPg==\" style=\"--smush-placeholder-width: 1024px; --smush-placeholder-aspect-ratio: 1024\/1024;\" \/><\/figure><\/li><li class=\"wp-block-jetpack-slideshow_slide swiper-slide\"><figure><img decoding=\"async\" width=\"1024\" height=\"1024\" alt=\"sala de estar Villa Outeiro\" class=\"wp-block-jetpack-slideshow_image wp-image-694 lazyload\" data-id=\"694\" data-src=\"https:\/\/outeirovillas.com\/wp-content\/uploads\/2024\/05\/VILLA-OUTEIRO-@helderophoto-14-1024x1024.jpg\" data-srcset=\"https:\/\/outeirovillas.com\/wp-content\/uploads\/2024\/05\/VILLA-OUTEIRO-@helderophoto-14-1024x1024.jpg 1024w, https:\/\/outeirovillas.com\/wp-content\/uploads\/2024\/05\/VILLA-OUTEIRO-@helderophoto-14-300x300.jpg 300w, https:\/\/outeirovillas.com\/wp-content\/uploads\/2024\/05\/VILLA-OUTEIRO-@helderophoto-14-150x150.jpg 150w, https:\/\/outeirovillas.com\/wp-content\/uploads\/2024\/05\/VILLA-OUTEIRO-@helderophoto-14-768x768.jpg 768w, https:\/\/outeirovillas.com\/wp-content\/uploads\/2024\/05\/VILLA-OUTEIRO-@helderophoto-14-1536x1536.jpg 1536w, https:\/\/outeirovillas.com\/wp-content\/uploads\/2024\/05\/VILLA-OUTEIRO-@helderophoto-14.jpg 1920w\" data-sizes=\"(max-width: 1024px) 100vw, 1024px\" src=\"data:image\/svg+xml;base64,PHN2ZyB3aWR0aD0iMSIgaGVpZ2h0PSIxIiB4bWxucz0iaHR0cDovL3d3dy53My5vcmcvMjAwMC9zdmciPjwvc3ZnPg==\" style=\"--smush-placeholder-width: 1024px; --smush-placeholder-aspect-ratio: 1024\/1024;\" \/><\/figure><\/li><li class=\"wp-block-jetpack-slideshow_slide swiper-slide\"><figure><img decoding=\"async\" width=\"1024\" height=\"1024\" alt=\"sala comum Villa Outeiro\" class=\"wp-block-jetpack-slideshow_image wp-image-695 lazyload\" data-id=\"695\" data-src=\"https:\/\/outeirovillas.com\/wp-content\/uploads\/2024\/05\/VILLA-OUTEIRO-@helderophoto-15-1024x1024.jpg\" data-srcset=\"https:\/\/outeirovillas.com\/wp-content\/uploads\/2024\/05\/VILLA-OUTEIRO-@helderophoto-15-1024x1024.jpg 1024w, https:\/\/outeirovillas.com\/wp-content\/uploads\/2024\/05\/VILLA-OUTEIRO-@helderophoto-15-300x300.jpg 300w, https:\/\/outeirovillas.com\/wp-content\/uploads\/2024\/05\/VILLA-OUTEIRO-@helderophoto-15-150x150.jpg 150w, https:\/\/outeirovillas.com\/wp-content\/uploads\/2024\/05\/VILLA-OUTEIRO-@helderophoto-15-768x768.jpg 768w, https:\/\/outeirovillas.com\/wp-content\/uploads\/2024\/05\/VILLA-OUTEIRO-@helderophoto-15-1536x1536.jpg 1536w, https:\/\/outeirovillas.com\/wp-content\/uploads\/2024\/05\/VILLA-OUTEIRO-@helderophoto-15.jpg 1920w\" data-sizes=\"(max-width: 1024px) 100vw, 1024px\" src=\"data:image\/svg+xml;base64,PHN2ZyB3aWR0aD0iMSIgaGVpZ2h0PSIxIiB4bWxucz0iaHR0cDovL3d3dy53My5vcmcvMjAwMC9zdmciPjwvc3ZnPg==\" style=\"--smush-placeholder-width: 1024px; --smush-placeholder-aspect-ratio: 1024\/1024;\" \/><\/figure><\/li><li class=\"wp-block-jetpack-slideshow_slide swiper-slide\"><figure><img decoding=\"async\" width=\"1024\" height=\"1024\" alt=\"sala\/cozinha\" class=\"wp-block-jetpack-slideshow_image wp-image-696 lazyload\" data-id=\"696\" data-src=\"https:\/\/outeirovillas.com\/wp-content\/uploads\/2024\/05\/VILLA-OUTEIRO-@helderophoto-17-1024x1024.jpg\" data-srcset=\"https:\/\/outeirovillas.com\/wp-content\/uploads\/2024\/05\/VILLA-OUTEIRO-@helderophoto-17-1024x1024.jpg 1024w, https:\/\/outeirovillas.com\/wp-content\/uploads\/2024\/05\/VILLA-OUTEIRO-@helderophoto-17-300x300.jpg 300w, https:\/\/outeirovillas.com\/wp-content\/uploads\/2024\/05\/VILLA-OUTEIRO-@helderophoto-17-150x150.jpg 150w, https:\/\/outeirovillas.com\/wp-content\/uploads\/2024\/05\/VILLA-OUTEIRO-@helderophoto-17-768x768.jpg 768w, https:\/\/outeirovillas.com\/wp-content\/uploads\/2024\/05\/VILLA-OUTEIRO-@helderophoto-17-1536x1536.jpg 1536w, https:\/\/outeirovillas.com\/wp-content\/uploads\/2024\/05\/VILLA-OUTEIRO-@helderophoto-17.jpg 1920w\" data-sizes=\"(max-width: 1024px) 100vw, 1024px\" src=\"data:image\/svg+xml;base64,PHN2ZyB3aWR0aD0iMSIgaGVpZ2h0PSIxIiB4bWxucz0iaHR0cDovL3d3dy53My5vcmcvMjAwMC9zdmciPjwvc3ZnPg==\" style=\"--smush-placeholder-width: 1024px; --smush-placeholder-aspect-ratio: 1024\/1024;\" \/><\/figure><\/li><li class=\"wp-block-jetpack-slideshow_slide swiper-slide\"><figure><img decoding=\"async\" width=\"1024\" height=\"1024\" alt=\"quarto crian\u00e7as\/fam\u00edlia\" class=\"wp-block-jetpack-slideshow_image wp-image-697 lazyload\" data-id=\"697\" data-src=\"https:\/\/outeirovillas.com\/wp-content\/uploads\/2024\/05\/VILLA-OUTEIRO-@helderophoto-20-1024x1024.jpg\" data-srcset=\"https:\/\/outeirovillas.com\/wp-content\/uploads\/2024\/05\/VILLA-OUTEIRO-@helderophoto-20-1024x1024.jpg 1024w, https:\/\/outeirovillas.com\/wp-content\/uploads\/2024\/05\/VILLA-OUTEIRO-@helderophoto-20-300x300.jpg 300w, https:\/\/outeirovillas.com\/wp-content\/uploads\/2024\/05\/VILLA-OUTEIRO-@helderophoto-20-150x150.jpg 150w, https:\/\/outeirovillas.com\/wp-content\/uploads\/2024\/05\/VILLA-OUTEIRO-@helderophoto-20-768x768.jpg 768w, https:\/\/outeirovillas.com\/wp-content\/uploads\/2024\/05\/VILLA-OUTEIRO-@helderophoto-20-1536x1536.jpg 1536w, https:\/\/outeirovillas.com\/wp-content\/uploads\/2024\/05\/VILLA-OUTEIRO-@helderophoto-20.jpg 1920w\" data-sizes=\"(max-width: 1024px) 100vw, 1024px\" src=\"data:image\/svg+xml;base64,PHN2ZyB3aWR0aD0iMSIgaGVpZ2h0PSIxIiB4bWxucz0iaHR0cDovL3d3dy53My5vcmcvMjAwMC9zdmciPjwvc3ZnPg==\" style=\"--smush-placeholder-width: 1024px; --smush-placeholder-aspect-ratio: 1024\/1024;\" \/><\/figure><\/li><li class=\"wp-block-jetpack-slideshow_slide swiper-slide\"><figure><img decoding=\"async\" width=\"1024\" height=\"1024\" alt=\"wc\" class=\"wp-block-jetpack-slideshow_image wp-image-698 lazyload\" data-id=\"698\" data-src=\"https:\/\/outeirovillas.com\/wp-content\/uploads\/2024\/05\/VILLA-OUTEIRO-@helderophoto-23-1024x1024.jpg\" data-srcset=\"https:\/\/outeirovillas.com\/wp-content\/uploads\/2024\/05\/VILLA-OUTEIRO-@helderophoto-23-1024x1024.jpg 1024w, https:\/\/outeirovillas.com\/wp-content\/uploads\/2024\/05\/VILLA-OUTEIRO-@helderophoto-23-300x300.jpg 300w, https:\/\/outeirovillas.com\/wp-content\/uploads\/2024\/05\/VILLA-OUTEIRO-@helderophoto-23-150x150.jpg 150w, https:\/\/outeirovillas.com\/wp-content\/uploads\/2024\/05\/VILLA-OUTEIRO-@helderophoto-23-768x768.jpg 768w, https:\/\/outeirovillas.com\/wp-content\/uploads\/2024\/05\/VILLA-OUTEIRO-@helderophoto-23-1536x1536.jpg 1536w, https:\/\/outeirovillas.com\/wp-content\/uploads\/2024\/05\/VILLA-OUTEIRO-@helderophoto-23.jpg 1920w\" data-sizes=\"(max-width: 1024px) 100vw, 1024px\" src=\"data:image\/svg+xml;base64,PHN2ZyB3aWR0aD0iMSIgaGVpZ2h0PSIxIiB4bWxucz0iaHR0cDovL3d3dy53My5vcmcvMjAwMC9zdmciPjwvc3ZnPg==\" style=\"--smush-placeholder-width: 1024px; --smush-placeholder-aspect-ratio: 1024\/1024;\" \/><\/figure><\/li><li class=\"wp-block-jetpack-slideshow_slide swiper-slide\"><figure><img decoding=\"async\" width=\"1024\" height=\"1024\" alt=\"quarto twin\" class=\"wp-block-jetpack-slideshow_image wp-image-699 lazyload\" data-id=\"699\" data-src=\"https:\/\/outeirovillas.com\/wp-content\/uploads\/2024\/05\/VILLA-OUTEIRO-@helderophoto-24-1024x1024.jpg\" data-srcset=\"https:\/\/outeirovillas.com\/wp-content\/uploads\/2024\/05\/VILLA-OUTEIRO-@helderophoto-24-1024x1024.jpg 1024w, https:\/\/outeirovillas.com\/wp-content\/uploads\/2024\/05\/VILLA-OUTEIRO-@helderophoto-24-300x300.jpg 300w, https:\/\/outeirovillas.com\/wp-content\/uploads\/2024\/05\/VILLA-OUTEIRO-@helderophoto-24-150x150.jpg 150w, https:\/\/outeirovillas.com\/wp-content\/uploads\/2024\/05\/VILLA-OUTEIRO-@helderophoto-24-768x768.jpg 768w, https:\/\/outeirovillas.com\/wp-content\/uploads\/2024\/05\/VILLA-OUTEIRO-@helderophoto-24-1536x1536.jpg 1536w, https:\/\/outeirovillas.com\/wp-content\/uploads\/2024\/05\/VILLA-OUTEIRO-@helderophoto-24.jpg 1920w\" data-sizes=\"(max-width: 1024px) 100vw, 1024px\" src=\"data:image\/svg+xml;base64,PHN2ZyB3aWR0aD0iMSIgaGVpZ2h0PSIxIiB4bWxucz0iaHR0cDovL3d3dy53My5vcmcvMjAwMC9zdmciPjwvc3ZnPg==\" style=\"--smush-placeholder-width: 1024px; --smush-placeholder-aspect-ratio: 1024\/1024;\" \/><\/figure><\/li><li class=\"wp-block-jetpack-slideshow_slide swiper-slide\"><figure><img decoding=\"async\" width=\"1024\" height=\"1024\" alt=\"quarto casal\" class=\"wp-block-jetpack-slideshow_image wp-image-700 lazyload\" data-id=\"700\" data-src=\"https:\/\/outeirovillas.com\/wp-content\/uploads\/2024\/05\/VILLA-OUTEIRO-@helderophoto-29-1024x1024.jpg\" data-srcset=\"https:\/\/outeirovillas.com\/wp-content\/uploads\/2024\/05\/VILLA-OUTEIRO-@helderophoto-29-1024x1024.jpg 1024w, https:\/\/outeirovillas.com\/wp-content\/uploads\/2024\/05\/VILLA-OUTEIRO-@helderophoto-29-300x300.jpg 300w, https:\/\/outeirovillas.com\/wp-content\/uploads\/2024\/05\/VILLA-OUTEIRO-@helderophoto-29-150x150.jpg 150w, https:\/\/outeirovillas.com\/wp-content\/uploads\/2024\/05\/VILLA-OUTEIRO-@helderophoto-29-768x768.jpg 768w, https:\/\/outeirovillas.com\/wp-content\/uploads\/2024\/05\/VILLA-OUTEIRO-@helderophoto-29-1536x1536.jpg 1536w, https:\/\/outeirovillas.com\/wp-content\/uploads\/2024\/05\/VILLA-OUTEIRO-@helderophoto-29.jpg 1920w\" data-sizes=\"(max-width: 1024px) 100vw, 1024px\" src=\"data:image\/svg+xml;base64,PHN2ZyB3aWR0aD0iMSIgaGVpZ2h0PSIxIiB4bWxucz0iaHR0cDovL3d3dy53My5vcmcvMjAwMC9zdmciPjwvc3ZnPg==\" style=\"--smush-placeholder-width: 1024px; --smush-placeholder-aspect-ratio: 1024\/1024;\" \/><\/figure><\/li><li class=\"wp-block-jetpack-slideshow_slide swiper-slide\"><figure><img decoding=\"async\" width=\"1024\" height=\"1024\" alt=\"quarto casal\" class=\"wp-block-jetpack-slideshow_image wp-image-701 lazyload\" data-id=\"701\" data-src=\"https:\/\/outeirovillas.com\/wp-content\/uploads\/2024\/05\/VILLA-OUTEIRO-@helderophoto-32-1024x1024.jpg\" data-srcset=\"https:\/\/outeirovillas.com\/wp-content\/uploads\/2024\/05\/VILLA-OUTEIRO-@helderophoto-32-1024x1024.jpg 1024w, https:\/\/outeirovillas.com\/wp-content\/uploads\/2024\/05\/VILLA-OUTEIRO-@helderophoto-32-300x300.jpg 300w, https:\/\/outeirovillas.com\/wp-content\/uploads\/2024\/05\/VILLA-OUTEIRO-@helderophoto-32-150x150.jpg 150w, https:\/\/outeirovillas.com\/wp-content\/uploads\/2024\/05\/VILLA-OUTEIRO-@helderophoto-32-768x768.jpg 768w, https:\/\/outeirovillas.com\/wp-content\/uploads\/2024\/05\/VILLA-OUTEIRO-@helderophoto-32-1536x1536.jpg 1536w, https:\/\/outeirovillas.com\/wp-content\/uploads\/2024\/05\/VILLA-OUTEIRO-@helderophoto-32.jpg 1920w\" data-sizes=\"(max-width: 1024px) 100vw, 1024px\" src=\"data:image\/svg+xml;base64,PHN2ZyB3aWR0aD0iMSIgaGVpZ2h0PSIxIiB4bWxucz0iaHR0cDovL3d3dy53My5vcmcvMjAwMC9zdmciPjwvc3ZnPg==\" style=\"--smush-placeholder-width: 1024px; --smush-placeholder-aspect-ratio: 1024\/1024;\" \/><\/figure><\/li><li class=\"wp-block-jetpack-slideshow_slide swiper-slide\"><figure><img decoding=\"async\" width=\"1024\" height=\"1024\" alt=\"casa de banho\" class=\"wp-block-jetpack-slideshow_image wp-image-702 lazyload\" data-id=\"702\" data-src=\"https:\/\/outeirovillas.com\/wp-content\/uploads\/2024\/05\/VILLA-OUTEIRO-@helderophoto-37-1024x1024.jpg\" data-srcset=\"https:\/\/outeirovillas.com\/wp-content\/uploads\/2024\/05\/VILLA-OUTEIRO-@helderophoto-37-1024x1024.jpg 1024w, https:\/\/outeirovillas.com\/wp-content\/uploads\/2024\/05\/VILLA-OUTEIRO-@helderophoto-37-300x300.jpg 300w, https:\/\/outeirovillas.com\/wp-content\/uploads\/2024\/05\/VILLA-OUTEIRO-@helderophoto-37-150x150.jpg 150w, https:\/\/outeirovillas.com\/wp-content\/uploads\/2024\/05\/VILLA-OUTEIRO-@helderophoto-37-768x768.jpg 768w, https:\/\/outeirovillas.com\/wp-content\/uploads\/2024\/05\/VILLA-OUTEIRO-@helderophoto-37-1536x1536.jpg 1536w, https:\/\/outeirovillas.com\/wp-content\/uploads\/2024\/05\/VILLA-OUTEIRO-@helderophoto-37.jpg 1920w\" data-sizes=\"(max-width: 1024px) 100vw, 1024px\" src=\"data:image\/svg+xml;base64,PHN2ZyB3aWR0aD0iMSIgaGVpZ2h0PSIxIiB4bWxucz0iaHR0cDovL3d3dy53My5vcmcvMjAwMC9zdmciPjwvc3ZnPg==\" style=\"--smush-placeholder-width: 1024px; --smush-placeholder-aspect-ratio: 1024\/1024;\" \/><\/figure><\/li><\/ul><a class=\"wp-block-jetpack-slideshow_button-prev swiper-button-prev swiper-button-white\" role=\"button\"><\/a><a class=\"wp-block-jetpack-slideshow_button-next swiper-button-next swiper-button-white\" role=\"button\"><\/a><a aria-label=\"Pause Slideshow\" class=\"wp-block-jetpack-slideshow_button-pause\" role=\"button\"><\/a><div class=\"wp-block-jetpack-slideshow_pagination swiper-pagination swiper-pagination-white\"><\/div><\/div><\/div><\/div>\n\n\n\n<p><strong>Villa Outeiro<\/strong> | T3 \u2013 8 persons <\/p>\n\n\n\n<p>O seu nome surge do lugar em que se localiza &#8216;Outeiro&#8217;, em Vila Cova, Barcelos. Tem uma arquitetura que potencializa a sua luz natural, com a fachada em vidro. Atual e moderna, destacada mas integrada na paisagem, \u00e9 sin\u00f3nimo de conforto. Uma casa de dois andares, com o piso inferior em &#8216;Open Space&#8217; ideal para o conv\u00edvio entre fam\u00edlias.<\/p>\n<\/div>\n\n\n\n<div class=\"wp-block-group alignfull has-global-padding is-content-justification-center is-layout-constrained wp-container-core-group-is-layout-df757ecc wp-block-group-is-layout-constrained\" style=\"margin-top:0;margin-bottom:0;padding-top:calc( 0.5 * var(--wp--style--root--padding-right, var(--wp--custom--gap--horizontal)));padding-right:var(--wp--style--root--padding-right, var(--wp--custom--gap--horizontal));padding-bottom:calc( 0.5 * var(--wp--style--root--padding-right, var(--wp--custom--gap--horizontal)));padding-left:var(--wp--style--root--padding-left, var(--wp--custom--gap--horizontal))\">\n<div class=\"wp-block-columns alignwide is-layout-flex wp-container-core-columns-is-layout-9e5fed7c wp-block-columns-is-layout-flex\" style=\"padding-top:var(--wp--preset--spacing--10);padding-bottom:var(--wp--preset--spacing--10)\">\n<div class=\"wp-block-column is-layout-flow wp-block-column-is-layout-flow\">\n<h2 class=\"wp-block-heading has-large-font-size wp-container-content-958eb9dc\">This accommodation offers<\/h2>\n\n\n\n<div style=\"margin-top:0;margin-bottom:0;height:var(--wp--preset--spacing--10)\" aria-hidden=\"true\" class=\"wp-block-spacer\"><\/div>\n<\/div>\n\n\n\n<div class=\"wp-block-column is-layout-flow wp-container-core-column-is-layout-8a368f38 wp-block-column-is-layout-flow\">\n<div class=\"wp-block-group is-vertical is-layout-flex wp-container-core-group-is-layout-fe9cc265 wp-block-group-is-layout-flex\">\n<ul class=\"wp-block-list\">\n<li>1 king-size bed<\/li>\n\n\n\n<li>2 twins beds<\/li>\n\n\n\n<li>1 single bed, 2 bunk beds and 1 sofa bed<\/li>\n\n\n\n<li>Private bathrooms (with towels, toiletries and hairdryer)<\/li>\n<\/ul>\n<\/div>\n\n\n\n<div class=\"wp-block-group is-vertical is-layout-flex wp-container-core-group-is-layout-fe9cc265 wp-block-group-is-layout-flex\">\n<ul class=\"wp-block-list\">\n<li>WIFI; TV streaming service<\/li>\n\n\n\n<li>Fully equipped kitchen<\/li>\n\n\n\n<li>Dining area and living room with fireplace<\/li>\n\n\n\n<li>Alarm and extinguishers<\/li>\n\n\n\n<li>AC<\/li>\n\n\n\n<li>Laundry (washing machine and dryer)<\/li>\n\n\n\n<li>Balcony and garden<\/li>\n\n\n\n<li>Terrace with dining area and barbecue<\/li>\n<\/ul>\n<\/div>\n<\/div>\n\n\n\n<div class=\"wp-block-column is-layout-flow wp-container-core-column-is-layout-8a368f38 wp-block-column-is-layout-flow\">\n<div class=\"wp-block-group is-vertical is-layout-flex wp-container-core-group-is-layout-fe9cc265 wp-block-group-is-layout-flex\">\n<ul class=\"wp-block-list\">\n<li>Private house with independent access<\/li>\n\n\n\n<li>Free parking<\/li>\n\n\n\n<li>Shared outdoor pool<\/li>\n<\/ul>\n<\/div>\n<\/div>\n<\/div>\n<\/div>\n\n\n\n<div class=\"wp-block-group alignfull has-global-padding is-content-justification-center is-layout-constrained wp-container-core-group-is-layout-df757ecc wp-block-group-is-layout-constrained\" style=\"margin-top:0;margin-bottom:0;padding-top:calc( 0.5 * var(--wp--style--root--padding-right, var(--wp--custom--gap--horizontal)));padding-right:var(--wp--style--root--padding-right, var(--wp--custom--gap--horizontal));padding-bottom:calc( 0.5 * var(--wp--style--root--padding-right, var(--wp--custom--gap--horizontal)));padding-left:var(--wp--style--root--padding-left, var(--wp--custom--gap--horizontal))\">\n<div class=\"wp-block-buttons is-content-justification-center is-layout-flex wp-container-core-buttons-is-layout-a89b3969 wp-block-buttons-is-layout-flex\">\n<div class=\"wp-block-button\"><a class=\"wp-block-button__link wp-element-button\" href=\"https:\/\/outeirovillas.com\/en_gb\/reservas\/\">Book now<\/a><\/div>\n<\/div>\n<\/div>","protected":false},"excerpt":{"rendered":"<p>Villa Outeiro Villa Outeiro | T3 &#8211; 8 pessoas O seu nome surge do lugar em que se localiza &#8216;Outeiro&#8217;, em Vila Cova, Barcelos. Tem uma arquitetura que potencializa a sua luz natural, com a fachada em vidro. Atual e moderna, destacada mas integrada na paisagem, \u00e9 sin\u00f3nimo de conforto. Uma casa de dois andares, [&hellip;]<\/p>\n","protected":false},"author":3,"featured_media":0,"parent":0,"menu_order":0,"comment_status":"closed","ping_status":"closed","template":"","meta":{"powered_cache_disable_cache":false,"footnotes":""},"class_list":["post-53","page","type-page","status-publish","hentry"],"aioseo_notices":[],"jetpack_sharing_enabled":true,"_links":{"self":[{"href":"https:\/\/outeirovillas.com\/en_gb\/wp-json\/wp\/v2\/pages\/53","targetHints":{"allow":["GET"]}}],"collection":[{"href":"https:\/\/outeirovillas.com\/en_gb\/wp-json\/wp\/v2\/pages"}],"about":[{"href":"https:\/\/outeirovillas.com\/en_gb\/wp-json\/wp\/v2\/types\/page"}],"author":[{"embeddable":true,"href":"https:\/\/outeirovillas.com\/en_gb\/wp-json\/wp\/v2\/users\/3"}],"replies":[{"embeddable":true,"href":"https:\/\/outeirovillas.com\/en_gb\/wp-json\/wp\/v2\/comments?post=53"}],"version-history":[{"count":15,"href":"https:\/\/outeirovillas.com\/en_gb\/wp-json\/wp\/v2\/pages\/53\/revisions"}],"predecessor-version":[{"id":1121,"href":"https:\/\/outeirovillas.com\/en_gb\/wp-json\/wp\/v2\/pages\/53\/revisions\/1121"}],"wp:attachment":[{"href":"https:\/\/outeirovillas.com\/en_gb\/wp-json\/wp\/v2\/media?parent=53"}],"curies":[{"name":"wp","href":"https:\/\/api.w.org\/{rel}","templated":true}]}}