{"id":309,"date":"2024-04-24T12:51:44","date_gmt":"2024-04-24T11:51:44","guid":{"rendered":"https:\/\/outeirovillas.wordpress.com\/?page_id=309"},"modified":"2024-05-28T14:42:02","modified_gmt":"2024-05-28T14:42:02","slug":"villa-viana","status":"publish","type":"page","link":"https:\/\/outeirovillas.com\/en_gb\/villa-viana\/","title":{"rendered":"Villa Viana"},"content":{"rendered":"<div style=\"height:30px\" aria-hidden=\"true\" class=\"wp-block-spacer\"><\/div>\n\n\n\n<h1 class=\"wp-block-heading has-text-align-center\">Villa Viana<\/h1>\n\n\n\n<div class=\"wp-block-group alignfull has-global-padding is-content-justification-center is-layout-constrained wp-container-core-group-is-layout-ce51f2ee wp-block-group-is-layout-constrained\" style=\"margin-top:0;margin-bottom:0;padding-top:calc( 0.5 * var(u002du002dwpu002du002dstyleu002du002drootu002du002dpadding-right, var(u002du002dwpu002du002dcustomu002du002dgapu002du002dhorizontal)));padding-right:var(u002du002dwpu002du002dstyleu002du002drootu002du002dpadding-right, var(u002du002dwpu002du002dcustomu002du002dgapu002du002dhorizontal));padding-bottom:calc( 0.5 * var(u002du002dwpu002du002dstyleu002du002drootu002du002dpadding-right, var(u002du002dwpu002du002dcustomu002du002dgapu002du002dhorizontal)));padding-left:var(u002du002dwpu002du002dstyleu002du002drootu002du002dpadding-left, var(u002du002dwpu002du002dcustomu002du002dgapu002du002dhorizontal))\">\n<div style=\"height:calc( 0.25 * var(u002du002dwpu002du002dstyleu002du002drootu002du002dpadding-right, var(u002du002dwpu002du002dcustomu002du002dgapu002du002dhorizontal)))\" aria-hidden=\"true\" class=\"wp-block-spacer\"><\/div>\n<\/div>\n\n\n\n<div class=\"wp-block-jetpack-slideshow\"><div data-effect=\"slide\"><div class=\"wp-block-jetpack-slideshow_container swiper-container\"><ul class=\"wp-block-jetpack-slideshow_swiper-wrapper swiper-wrapper\"><li class=\"wp-block-jetpack-slideshow_slide swiper-slide\"><figure><img decoding=\"async\" width=\"1024\" height=\"1024\" alt=\"Villa Viana\" class=\"wp-block-jetpack-slideshow_image wp-image-709 lazyload\" data-id=\"709\" data-src=\"https:\/\/outeirovillas.com\/wp-content\/uploads\/2024\/05\/VILLA-VIANA-@helderophoto-2-1024x1024.jpg\" data-srcset=\"https:\/\/outeirovillas.com\/wp-content\/uploads\/2024\/05\/VILLA-VIANA-@helderophoto-2-1024x1024.jpg 1024w, https:\/\/outeirovillas.com\/wp-content\/uploads\/2024\/05\/VILLA-VIANA-@helderophoto-2-300x300.jpg 300w, https:\/\/outeirovillas.com\/wp-content\/uploads\/2024\/05\/VILLA-VIANA-@helderophoto-2-150x150.jpg 150w, https:\/\/outeirovillas.com\/wp-content\/uploads\/2024\/05\/VILLA-VIANA-@helderophoto-2-768x768.jpg 768w, https:\/\/outeirovillas.com\/wp-content\/uploads\/2024\/05\/VILLA-VIANA-@helderophoto-2-1536x1536.jpg 1536w, https:\/\/outeirovillas.com\/wp-content\/uploads\/2024\/05\/VILLA-VIANA-@helderophoto-2.jpg 1920w\" data-sizes=\"(max-width: 1024px) 100vw, 1024px\" src=\"data:image\/svg+xml;base64,PHN2ZyB3aWR0aD0iMSIgaGVpZ2h0PSIxIiB4bWxucz0iaHR0cDovL3d3dy53My5vcmcvMjAwMC9zdmciPjwvc3ZnPg==\" style=\"--smush-placeholder-width: 1024px; --smush-placeholder-aspect-ratio: 1024\/1024;\" \/><\/figure><\/li><li class=\"wp-block-jetpack-slideshow_slide swiper-slide\"><figure><img decoding=\"async\" width=\"1024\" height=\"1024\" alt=\"Villa Viana exterior\" class=\"wp-block-jetpack-slideshow_image wp-image-720 lazyload\" data-id=\"720\" data-src=\"https:\/\/outeirovillas.com\/wp-content\/uploads\/2024\/05\/VILLA-VIANA-@helderophoto-1-1-1024x1024.jpg\" data-srcset=\"https:\/\/outeirovillas.com\/wp-content\/uploads\/2024\/05\/VILLA-VIANA-@helderophoto-1-1-1024x1024.jpg 1024w, https:\/\/outeirovillas.com\/wp-content\/uploads\/2024\/05\/VILLA-VIANA-@helderophoto-1-1-300x300.jpg 300w, https:\/\/outeirovillas.com\/wp-content\/uploads\/2024\/05\/VILLA-VIANA-@helderophoto-1-1-150x150.jpg 150w, https:\/\/outeirovillas.com\/wp-content\/uploads\/2024\/05\/VILLA-VIANA-@helderophoto-1-1-768x768.jpg 768w, https:\/\/outeirovillas.com\/wp-content\/uploads\/2024\/05\/VILLA-VIANA-@helderophoto-1-1-1536x1536.jpg 1536w, https:\/\/outeirovillas.com\/wp-content\/uploads\/2024\/05\/VILLA-VIANA-@helderophoto-1-1.jpg 1920w\" data-sizes=\"(max-width: 1024px) 100vw, 1024px\" src=\"data:image\/svg+xml;base64,PHN2ZyB3aWR0aD0iMSIgaGVpZ2h0PSIxIiB4bWxucz0iaHR0cDovL3d3dy53My5vcmcvMjAwMC9zdmciPjwvc3ZnPg==\" style=\"--smush-placeholder-width: 1024px; --smush-placeholder-aspect-ratio: 1024\/1024;\" \/><\/figure><\/li><li class=\"wp-block-jetpack-slideshow_slide swiper-slide\"><figure><img decoding=\"async\" width=\"1024\" height=\"1024\" alt=\"villa Viana exterior\" class=\"wp-block-jetpack-slideshow_image wp-image-710 lazyload\" data-id=\"710\" data-src=\"https:\/\/outeirovillas.com\/wp-content\/uploads\/2024\/05\/VILLA-VIANA-@helderophoto-4-1024x1024.jpg\" data-srcset=\"https:\/\/outeirovillas.com\/wp-content\/uploads\/2024\/05\/VILLA-VIANA-@helderophoto-4-1024x1024.jpg 1024w, https:\/\/outeirovillas.com\/wp-content\/uploads\/2024\/05\/VILLA-VIANA-@helderophoto-4-300x300.jpg 300w, https:\/\/outeirovillas.com\/wp-content\/uploads\/2024\/05\/VILLA-VIANA-@helderophoto-4-150x150.jpg 150w, https:\/\/outeirovillas.com\/wp-content\/uploads\/2024\/05\/VILLA-VIANA-@helderophoto-4-768x768.jpg 768w, https:\/\/outeirovillas.com\/wp-content\/uploads\/2024\/05\/VILLA-VIANA-@helderophoto-4-1536x1536.jpg 1536w, https:\/\/outeirovillas.com\/wp-content\/uploads\/2024\/05\/VILLA-VIANA-@helderophoto-4.jpg 1920w\" data-sizes=\"(max-width: 1024px) 100vw, 1024px\" src=\"data:image\/svg+xml;base64,PHN2ZyB3aWR0aD0iMSIgaGVpZ2h0PSIxIiB4bWxucz0iaHR0cDovL3d3dy53My5vcmcvMjAwMC9zdmciPjwvc3ZnPg==\" style=\"--smush-placeholder-width: 1024px; --smush-placeholder-aspect-ratio: 1024\/1024;\" \/><\/figure><\/li><li class=\"wp-block-jetpack-slideshow_slide swiper-slide\"><figure><img decoding=\"async\" width=\"1024\" height=\"1024\" alt=\"Viana\" class=\"wp-block-jetpack-slideshow_image wp-image-713 lazyload\" data-id=\"713\" data-src=\"https:\/\/outeirovillas.com\/wp-content\/uploads\/2024\/05\/VILLA-VIANA-@helderophoto-9-1024x1024.jpg\" data-srcset=\"https:\/\/outeirovillas.com\/wp-content\/uploads\/2024\/05\/VILLA-VIANA-@helderophoto-9-1024x1024.jpg 1024w, https:\/\/outeirovillas.com\/wp-content\/uploads\/2024\/05\/VILLA-VIANA-@helderophoto-9-300x300.jpg 300w, https:\/\/outeirovillas.com\/wp-content\/uploads\/2024\/05\/VILLA-VIANA-@helderophoto-9-150x150.jpg 150w, https:\/\/outeirovillas.com\/wp-content\/uploads\/2024\/05\/VILLA-VIANA-@helderophoto-9-768x768.jpg 768w, https:\/\/outeirovillas.com\/wp-content\/uploads\/2024\/05\/VILLA-VIANA-@helderophoto-9-1536x1536.jpg 1536w, https:\/\/outeirovillas.com\/wp-content\/uploads\/2024\/05\/VILLA-VIANA-@helderophoto-9.jpg 1920w\" data-sizes=\"(max-width: 1024px) 100vw, 1024px\" src=\"data:image\/svg+xml;base64,PHN2ZyB3aWR0aD0iMSIgaGVpZ2h0PSIxIiB4bWxucz0iaHR0cDovL3d3dy53My5vcmcvMjAwMC9zdmciPjwvc3ZnPg==\" style=\"--smush-placeholder-width: 1024px; --smush-placeholder-aspect-ratio: 1024\/1024;\" \/><\/figure><\/li><li class=\"wp-block-jetpack-slideshow_slide swiper-slide\"><figure><img decoding=\"async\" width=\"1024\" height=\"1024\" alt=\"cozinha\" class=\"wp-block-jetpack-slideshow_image wp-image-714 lazyload\" data-id=\"714\" data-src=\"https:\/\/outeirovillas.com\/wp-content\/uploads\/2024\/05\/VILLA-VIANA-@helderophoto-10-1024x1024.jpg\" data-srcset=\"https:\/\/outeirovillas.com\/wp-content\/uploads\/2024\/05\/VILLA-VIANA-@helderophoto-10-1024x1024.jpg 1024w, https:\/\/outeirovillas.com\/wp-content\/uploads\/2024\/05\/VILLA-VIANA-@helderophoto-10-300x300.jpg 300w, https:\/\/outeirovillas.com\/wp-content\/uploads\/2024\/05\/VILLA-VIANA-@helderophoto-10-150x150.jpg 150w, https:\/\/outeirovillas.com\/wp-content\/uploads\/2024\/05\/VILLA-VIANA-@helderophoto-10-768x768.jpg 768w, https:\/\/outeirovillas.com\/wp-content\/uploads\/2024\/05\/VILLA-VIANA-@helderophoto-10-1536x1536.jpg 1536w, https:\/\/outeirovillas.com\/wp-content\/uploads\/2024\/05\/VILLA-VIANA-@helderophoto-10.jpg 1920w\" data-sizes=\"(max-width: 1024px) 100vw, 1024px\" src=\"data:image\/svg+xml;base64,PHN2ZyB3aWR0aD0iMSIgaGVpZ2h0PSIxIiB4bWxucz0iaHR0cDovL3d3dy53My5vcmcvMjAwMC9zdmciPjwvc3ZnPg==\" style=\"--smush-placeholder-width: 1024px; --smush-placeholder-aspect-ratio: 1024\/1024;\" \/><\/figure><\/li><li class=\"wp-block-jetpack-slideshow_slide swiper-slide\"><figure><img decoding=\"async\" width=\"1024\" height=\"1024\" alt=\"sala Villa Viana\" class=\"wp-block-jetpack-slideshow_image wp-image-712 lazyload\" data-id=\"712\" data-src=\"https:\/\/outeirovillas.com\/wp-content\/uploads\/2024\/05\/VILLA-VIANA-@helderophoto-8-1024x1024.jpg\" data-srcset=\"https:\/\/outeirovillas.com\/wp-content\/uploads\/2024\/05\/VILLA-VIANA-@helderophoto-8-1024x1024.jpg 1024w, https:\/\/outeirovillas.com\/wp-content\/uploads\/2024\/05\/VILLA-VIANA-@helderophoto-8-300x300.jpg 300w, https:\/\/outeirovillas.com\/wp-content\/uploads\/2024\/05\/VILLA-VIANA-@helderophoto-8-150x150.jpg 150w, https:\/\/outeirovillas.com\/wp-content\/uploads\/2024\/05\/VILLA-VIANA-@helderophoto-8-768x768.jpg 768w, https:\/\/outeirovillas.com\/wp-content\/uploads\/2024\/05\/VILLA-VIANA-@helderophoto-8-1536x1536.jpg 1536w, https:\/\/outeirovillas.com\/wp-content\/uploads\/2024\/05\/VILLA-VIANA-@helderophoto-8.jpg 1920w\" data-sizes=\"(max-width: 1024px) 100vw, 1024px\" src=\"data:image\/svg+xml;base64,PHN2ZyB3aWR0aD0iMSIgaGVpZ2h0PSIxIiB4bWxucz0iaHR0cDovL3d3dy53My5vcmcvMjAwMC9zdmciPjwvc3ZnPg==\" style=\"--smush-placeholder-width: 1024px; --smush-placeholder-aspect-ratio: 1024\/1024;\" \/><\/figure><\/li><li class=\"wp-block-jetpack-slideshow_slide swiper-slide\"><figure><img decoding=\"async\" width=\"1024\" height=\"1024\" alt=\"zona comum Villa Viana\" class=\"wp-block-jetpack-slideshow_image wp-image-711 lazyload\" data-id=\"711\" data-src=\"https:\/\/outeirovillas.com\/wp-content\/uploads\/2024\/05\/VILLA-VIANA-@helderophoto-7-1024x1024.jpg\" data-srcset=\"https:\/\/outeirovillas.com\/wp-content\/uploads\/2024\/05\/VILLA-VIANA-@helderophoto-7-1024x1024.jpg 1024w, https:\/\/outeirovillas.com\/wp-content\/uploads\/2024\/05\/VILLA-VIANA-@helderophoto-7-300x300.jpg 300w, https:\/\/outeirovillas.com\/wp-content\/uploads\/2024\/05\/VILLA-VIANA-@helderophoto-7-150x150.jpg 150w, https:\/\/outeirovillas.com\/wp-content\/uploads\/2024\/05\/VILLA-VIANA-@helderophoto-7-768x768.jpg 768w, https:\/\/outeirovillas.com\/wp-content\/uploads\/2024\/05\/VILLA-VIANA-@helderophoto-7-1536x1536.jpg 1536w, https:\/\/outeirovillas.com\/wp-content\/uploads\/2024\/05\/VILLA-VIANA-@helderophoto-7.jpg 1920w\" data-sizes=\"(max-width: 1024px) 100vw, 1024px\" src=\"data:image\/svg+xml;base64,PHN2ZyB3aWR0aD0iMSIgaGVpZ2h0PSIxIiB4bWxucz0iaHR0cDovL3d3dy53My5vcmcvMjAwMC9zdmciPjwvc3ZnPg==\" style=\"--smush-placeholder-width: 1024px; --smush-placeholder-aspect-ratio: 1024\/1024;\" \/><\/figure><\/li><li class=\"wp-block-jetpack-slideshow_slide swiper-slide\"><figure><img decoding=\"async\" width=\"1024\" height=\"1024\" alt=\"Quarto casal\" class=\"wp-block-jetpack-slideshow_image wp-image-715 lazyload\" data-id=\"715\" data-src=\"https:\/\/outeirovillas.com\/wp-content\/uploads\/2024\/05\/VILLA-VIANA-@helderophoto-11-1024x1024.jpg\" data-srcset=\"https:\/\/outeirovillas.com\/wp-content\/uploads\/2024\/05\/VILLA-VIANA-@helderophoto-11-1024x1024.jpg 1024w, https:\/\/outeirovillas.com\/wp-content\/uploads\/2024\/05\/VILLA-VIANA-@helderophoto-11-300x300.jpg 300w, https:\/\/outeirovillas.com\/wp-content\/uploads\/2024\/05\/VILLA-VIANA-@helderophoto-11-150x150.jpg 150w, https:\/\/outeirovillas.com\/wp-content\/uploads\/2024\/05\/VILLA-VIANA-@helderophoto-11-768x768.jpg 768w, https:\/\/outeirovillas.com\/wp-content\/uploads\/2024\/05\/VILLA-VIANA-@helderophoto-11-1536x1536.jpg 1536w, https:\/\/outeirovillas.com\/wp-content\/uploads\/2024\/05\/VILLA-VIANA-@helderophoto-11.jpg 1920w\" data-sizes=\"(max-width: 1024px) 100vw, 1024px\" src=\"data:image\/svg+xml;base64,PHN2ZyB3aWR0aD0iMSIgaGVpZ2h0PSIxIiB4bWxucz0iaHR0cDovL3d3dy53My5vcmcvMjAwMC9zdmciPjwvc3ZnPg==\" style=\"--smush-placeholder-width: 1024px; --smush-placeholder-aspect-ratio: 1024\/1024;\" \/><\/figure><\/li><li class=\"wp-block-jetpack-slideshow_slide swiper-slide\"><figure><img decoding=\"async\" width=\"1024\" height=\"1024\" alt=\"Quarto Twin\" class=\"wp-block-jetpack-slideshow_image wp-image-716 lazyload\" data-id=\"716\" data-src=\"https:\/\/outeirovillas.com\/wp-content\/uploads\/2024\/05\/VILLA-VIANA-@helderophoto-14-1024x1024.jpg\" data-srcset=\"https:\/\/outeirovillas.com\/wp-content\/uploads\/2024\/05\/VILLA-VIANA-@helderophoto-14-1024x1024.jpg 1024w, https:\/\/outeirovillas.com\/wp-content\/uploads\/2024\/05\/VILLA-VIANA-@helderophoto-14-300x300.jpg 300w, https:\/\/outeirovillas.com\/wp-content\/uploads\/2024\/05\/VILLA-VIANA-@helderophoto-14-150x150.jpg 150w, https:\/\/outeirovillas.com\/wp-content\/uploads\/2024\/05\/VILLA-VIANA-@helderophoto-14-768x768.jpg 768w, https:\/\/outeirovillas.com\/wp-content\/uploads\/2024\/05\/VILLA-VIANA-@helderophoto-14-1536x1536.jpg 1536w, https:\/\/outeirovillas.com\/wp-content\/uploads\/2024\/05\/VILLA-VIANA-@helderophoto-14.jpg 1920w\" data-sizes=\"(max-width: 1024px) 100vw, 1024px\" src=\"data:image\/svg+xml;base64,PHN2ZyB3aWR0aD0iMSIgaGVpZ2h0PSIxIiB4bWxucz0iaHR0cDovL3d3dy53My5vcmcvMjAwMC9zdmciPjwvc3ZnPg==\" style=\"--smush-placeholder-width: 1024px; --smush-placeholder-aspect-ratio: 1024\/1024;\" \/><\/figure><\/li><li class=\"wp-block-jetpack-slideshow_slide swiper-slide\"><figure><img decoding=\"async\" width=\"1024\" height=\"1024\" alt=\"Quarto Twin - Villa Viana\" class=\"wp-block-jetpack-slideshow_image wp-image-717 lazyload\" data-id=\"717\" data-src=\"https:\/\/outeirovillas.com\/wp-content\/uploads\/2024\/05\/VILLA-VIANA-@helderophoto-16-1024x1024.jpg\" data-srcset=\"https:\/\/outeirovillas.com\/wp-content\/uploads\/2024\/05\/VILLA-VIANA-@helderophoto-16-1024x1024.jpg 1024w, https:\/\/outeirovillas.com\/wp-content\/uploads\/2024\/05\/VILLA-VIANA-@helderophoto-16-300x300.jpg 300w, https:\/\/outeirovillas.com\/wp-content\/uploads\/2024\/05\/VILLA-VIANA-@helderophoto-16-150x150.jpg 150w, https:\/\/outeirovillas.com\/wp-content\/uploads\/2024\/05\/VILLA-VIANA-@helderophoto-16-768x768.jpg 768w, https:\/\/outeirovillas.com\/wp-content\/uploads\/2024\/05\/VILLA-VIANA-@helderophoto-16-1536x1536.jpg 1536w, https:\/\/outeirovillas.com\/wp-content\/uploads\/2024\/05\/VILLA-VIANA-@helderophoto-16.jpg 1920w\" data-sizes=\"(max-width: 1024px) 100vw, 1024px\" src=\"data:image\/svg+xml;base64,PHN2ZyB3aWR0aD0iMSIgaGVpZ2h0PSIxIiB4bWxucz0iaHR0cDovL3d3dy53My5vcmcvMjAwMC9zdmciPjwvc3ZnPg==\" style=\"--smush-placeholder-width: 1024px; --smush-placeholder-aspect-ratio: 1024\/1024;\" \/><\/figure><\/li><li class=\"wp-block-jetpack-slideshow_slide swiper-slide\"><figure><img decoding=\"async\" width=\"1024\" height=\"1024\" alt=\"casa de banho\" class=\"wp-block-jetpack-slideshow_image wp-image-718 lazyload\" data-id=\"718\" data-src=\"https:\/\/outeirovillas.com\/wp-content\/uploads\/2024\/05\/VILLA-VIANA-@helderophoto-18-1024x1024.jpg\" data-srcset=\"https:\/\/outeirovillas.com\/wp-content\/uploads\/2024\/05\/VILLA-VIANA-@helderophoto-18-1024x1024.jpg 1024w, https:\/\/outeirovillas.com\/wp-content\/uploads\/2024\/05\/VILLA-VIANA-@helderophoto-18-300x300.jpg 300w, https:\/\/outeirovillas.com\/wp-content\/uploads\/2024\/05\/VILLA-VIANA-@helderophoto-18-150x150.jpg 150w, https:\/\/outeirovillas.com\/wp-content\/uploads\/2024\/05\/VILLA-VIANA-@helderophoto-18-768x768.jpg 768w, https:\/\/outeirovillas.com\/wp-content\/uploads\/2024\/05\/VILLA-VIANA-@helderophoto-18-1536x1536.jpg 1536w, https:\/\/outeirovillas.com\/wp-content\/uploads\/2024\/05\/VILLA-VIANA-@helderophoto-18.jpg 1920w\" data-sizes=\"(max-width: 1024px) 100vw, 1024px\" src=\"data:image\/svg+xml;base64,PHN2ZyB3aWR0aD0iMSIgaGVpZ2h0PSIxIiB4bWxucz0iaHR0cDovL3d3dy53My5vcmcvMjAwMC9zdmciPjwvc3ZnPg==\" style=\"--smush-placeholder-width: 1024px; --smush-placeholder-aspect-ratio: 1024\/1024;\" \/><\/figure><\/li><li class=\"wp-block-jetpack-slideshow_slide swiper-slide\"><figure><img decoding=\"async\" width=\"1024\" height=\"1024\" alt=\"wc\" class=\"wp-block-jetpack-slideshow_image wp-image-719 lazyload\" data-id=\"719\" data-src=\"https:\/\/outeirovillas.com\/wp-content\/uploads\/2024\/05\/VILLA-VIANA-@helderophoto-19-1024x1024.jpg\" data-srcset=\"https:\/\/outeirovillas.com\/wp-content\/uploads\/2024\/05\/VILLA-VIANA-@helderophoto-19-1024x1024.jpg 1024w, https:\/\/outeirovillas.com\/wp-content\/uploads\/2024\/05\/VILLA-VIANA-@helderophoto-19-300x300.jpg 300w, https:\/\/outeirovillas.com\/wp-content\/uploads\/2024\/05\/VILLA-VIANA-@helderophoto-19-150x150.jpg 150w, https:\/\/outeirovillas.com\/wp-content\/uploads\/2024\/05\/VILLA-VIANA-@helderophoto-19-768x768.jpg 768w, https:\/\/outeirovillas.com\/wp-content\/uploads\/2024\/05\/VILLA-VIANA-@helderophoto-19-1536x1536.jpg 1536w, https:\/\/outeirovillas.com\/wp-content\/uploads\/2024\/05\/VILLA-VIANA-@helderophoto-19.jpg 1920w\" data-sizes=\"(max-width: 1024px) 100vw, 1024px\" src=\"data:image\/svg+xml;base64,PHN2ZyB3aWR0aD0iMSIgaGVpZ2h0PSIxIiB4bWxucz0iaHR0cDovL3d3dy53My5vcmcvMjAwMC9zdmciPjwvc3ZnPg==\" style=\"--smush-placeholder-width: 1024px; --smush-placeholder-aspect-ratio: 1024\/1024;\" \/><\/figure><\/li><\/ul><a class=\"wp-block-jetpack-slideshow_button-prev swiper-button-prev swiper-button-white\" role=\"button\"><\/a><a class=\"wp-block-jetpack-slideshow_button-next swiper-button-next swiper-button-white\" role=\"button\"><\/a><a aria-label=\"Pause Slideshow\" class=\"wp-block-jetpack-slideshow_button-pause\" role=\"button\"><\/a><div class=\"wp-block-jetpack-slideshow_pagination swiper-pagination swiper-pagination-white\"><\/div><\/div><\/div><\/div>\n\n\n\n<div class=\"wp-block-group alignwide has-global-padding is-layout-constrained wp-block-group-is-layout-constrained\">\n<div class=\"wp-block-columns alignwide is-layout-flex wp-container-core-columns-is-layout-28f84493 wp-block-columns-is-layout-flex\">\n<div class=\"wp-block-column is-layout-flow wp-block-column-is-layout-flow\" style=\"flex-basis:100%\">\n<p><strong>Villa Viana<\/strong> | T2 \u2013 4 persons<\/p>\n\n\n\n<p>With its wooden exterior, this small villa fits perfectly into the nature and rural image of the hotel. Its interior is decorated with bright colors alluding to the city of Viana do Castelo. City that gives it its name and color <\/p>\n\n\n\n<div style=\"height:28px\" aria-hidden=\"true\" class=\"wp-block-spacer\"><\/div>\n<\/div>\n<\/div>\n<\/div>\n\n\n\n<div class=\"wp-block-group alignfull has-global-padding is-content-justification-center is-layout-constrained wp-container-core-group-is-layout-888b3e69 wp-block-group-is-layout-constrained\" style=\"margin-top:0;margin-bottom:0;padding-top:calc( 0.5 * var(u002du002dwpu002du002dstyleu002du002drootu002du002dpadding-right, var(u002du002dwpu002du002dcustomu002du002dgapu002du002dhorizontal)));padding-right:var(u002du002dwpu002du002dstyleu002du002drootu002du002dpadding-right, var(u002du002dwpu002du002dcustomu002du002dgapu002du002dhorizontal));padding-bottom:calc( 0.5 * var(u002du002dwpu002du002dstyleu002du002drootu002du002dpadding-right, var(u002du002dwpu002du002dcustomu002du002dgapu002du002dhorizontal)));padding-left:var(u002du002dwpu002du002dstyleu002du002drootu002du002dpadding-left, var(u002du002dwpu002du002dcustomu002du002dgapu002du002dhorizontal))\">\n<div class=\"wp-block-columns alignwide is-layout-flex wp-container-core-columns-is-layout-9e5fed7c wp-block-columns-is-layout-flex\" style=\"padding-top:var(--wp--preset--spacing--10);padding-bottom:var(--wp--preset--spacing--10)\">\n<div class=\"wp-block-column is-layout-flow wp-block-column-is-layout-flow\">\n<h2 class=\"wp-block-heading has-large-font-size wp-container-content-958eb9dc\">This accommodation offers<\/h2>\n\n\n\n<div style=\"margin-top:0;margin-bottom:0;height:var(--wp--preset--spacing--10)\" aria-hidden=\"true\" class=\"wp-block-spacer\"><\/div>\n<\/div>\n\n\n\n<div class=\"wp-block-column is-layout-flow wp-container-core-column-is-layout-8a368f38 wp-block-column-is-layout-flow\">\n<div class=\"wp-block-group is-vertical is-layout-flex wp-container-core-group-is-layout-fe9cc265 wp-block-group-is-layout-flex\">\n<ul class=\"wp-block-list\">\n<li>1 large double<\/li>\n\n\n\n<li>2 twins beds<\/li>\n<\/ul>\n<\/div>\n\n\n\n<div class=\"wp-block-group is-vertical is-layout-flex wp-container-core-group-is-layout-fe9cc265 wp-block-group-is-layout-flex\">\n<ul class=\"wp-block-list\">\n<li>1 bathroom (towels, hygiene products and hairdryer)<\/li>\n\n\n\n<li>WIFI; TV streaming service<\/li>\n\n\n\n<li>Fully equipped kitchen<\/li>\n\n\n\n<li>Dining area and living room with sofa<\/li>\n\n\n\n<li>AC<\/li>\n\n\n\n<li>Garden<\/li>\n<\/ul>\n<\/div>\n<\/div>\n\n\n\n<div class=\"wp-block-column is-layout-flow wp-container-core-column-is-layout-8a368f38 wp-block-column-is-layout-flow\">\n<div class=\"wp-block-group is-vertical is-layout-flex wp-container-core-group-is-layout-fe9cc265 wp-block-group-is-layout-flex\">\n<ul class=\"wp-block-list\">\n<li>Private house<\/li>\n\n\n\n<li>Free parking<\/li>\n\n\n\n<li>Shared outdoor pool<\/li>\n<\/ul>\n<\/div>\n\n\n\n<div style=\"height:var(--wp--preset--spacing--30)\" aria-hidden=\"true\" class=\"wp-block-spacer\"><\/div>\n<\/div>\n<\/div>\n<\/div>\n\n\n\n<p><\/p>\n\n\n\n<div style=\"height:calc( 0.25 * var(u002du002dwpu002du002dstyleu002du002drootu002du002dpadding-right, var(u002du002dwpu002du002dcustomu002du002dgapu002du002dhorizontal)))\" aria-hidden=\"true\" class=\"wp-block-spacer\"><\/div>\n\n\n\n<div class=\"wp-block-group alignfull has-global-padding is-content-justification-center is-layout-constrained wp-container-core-group-is-layout-888b3e69 wp-block-group-is-layout-constrained\" style=\"margin-top:0;margin-bottom:0;padding-top:calc( 0.5 * var(u002du002dwpu002du002dstyleu002du002drootu002du002dpadding-right, var(u002du002dwpu002du002dcustomu002du002dgapu002du002dhorizontal)));padding-right:var(u002du002dwpu002du002dstyleu002du002drootu002du002dpadding-right, var(u002du002dwpu002du002dcustomu002du002dgapu002du002dhorizontal));padding-bottom:calc( 0.5 * var(u002du002dwpu002du002dstyleu002du002drootu002du002dpadding-right, var(u002du002dwpu002du002dcustomu002du002dgapu002du002dhorizontal)));padding-left:var(u002du002dwpu002du002dstyleu002du002drootu002du002dpadding-left, var(u002du002dwpu002du002dcustomu002du002dgapu002du002dhorizontal))\">\n<div class=\"wp-block-buttons is-content-justification-center is-layout-flex wp-container-core-buttons-is-layout-a89b3969 wp-block-buttons-is-layout-flex\">\n<div class=\"wp-block-button\"><a class=\"wp-block-button__link wp-element-button\" href=\"https:\/\/outeirovillas.com\/en_gb\/reservas\/\">Book now<\/a><\/div>\n<\/div>\n<\/div>\n\n\n\n<p><\/p>\n\n\n\n<p><\/p>","protected":false},"excerpt":{"rendered":"<p>Villa Viana Villa Viana | T2 &#8211; 4 pessoas Com o seu exterior de madeira, esta small villa encaixa-se na perfei\u00e7\u00e3o na natureza e na imagem rural da unidade hoteleira. \u00c9 decorada, no seu interior, com as cores vivas alusivas \u00e0 cidade de Viana do Castelo. Cidade que lhe d\u00e1 nome e cor. Comodidades<\/p>","protected":false},"author":3,"featured_media":429,"parent":0,"menu_order":0,"comment_status":"closed","ping_status":"closed","template":"","meta":{"powered_cache_disable_cache":false,"footnotes":""},"class_list":["post-309","page","type-page","status-publish","has-post-thumbnail","hentry"],"aioseo_notices":[],"jetpack_sharing_enabled":true,"_links":{"self":[{"href":"https:\/\/outeirovillas.com\/en_gb\/wp-json\/wp\/v2\/pages\/309","targetHints":{"allow":["GET"]}}],"collection":[{"href":"https:\/\/outeirovillas.com\/en_gb\/wp-json\/wp\/v2\/pages"}],"about":[{"href":"https:\/\/outeirovillas.com\/en_gb\/wp-json\/wp\/v2\/types\/page"}],"author":[{"embeddable":true,"href":"https:\/\/outeirovillas.com\/en_gb\/wp-json\/wp\/v2\/users\/3"}],"replies":[{"embeddable":true,"href":"https:\/\/outeirovillas.com\/en_gb\/wp-json\/wp\/v2\/comments?post=309"}],"version-history":[{"count":20,"href":"https:\/\/outeirovillas.com\/en_gb\/wp-json\/wp\/v2\/pages\/309\/revisions"}],"predecessor-version":[{"id":1122,"href":"https:\/\/outeirovillas.com\/en_gb\/wp-json\/wp\/v2\/pages\/309\/revisions\/1122"}],"wp:featuredmedia":[{"embeddable":true,"href":"https:\/\/outeirovillas.com\/en_gb\/wp-json\/wp\/v2\/media\/429"}],"wp:attachment":[{"href":"https:\/\/outeirovillas.com\/en_gb\/wp-json\/wp\/v2\/media?parent=309"}],"curies":[{"name":"wp","href":"https:\/\/api.w.org\/{rel}","templated":true}]}}