{"id":180,"date":"2024-04-13T12:30:08","date_gmt":"2024-04-13T11:30:08","guid":{"rendered":"https:\/\/outeirovillas.wordpress.com\/?page_id=180"},"modified":"2024-05-21T11:27:21","modified_gmt":"2024-05-21T11:27:21","slug":"politica-de-reservas-e-privacidade","status":"publish","type":"page","link":"https:\/\/outeirovillas.com\/en_gb\/politica-de-reservas-e-privacidade\/","title":{"rendered":"Pol\u00edtica de reservas e privacidade"},"content":{"rendered":"<div style=\"height:49px\" aria-hidden=\"true\" class=\"wp-block-spacer\"><\/div>\n\n\n\n<h1 class=\"wp-block-heading alignwide has-text-align-center has-large-font-size\">Pol\u00edtica de reservas e privacidade<\/h1>\n\n\n\n<p class=\"has-text-align-justify has-base-background-color has-background\">Pol\u00edtica de reservas e privacidade | Check-in:16:00 \u00e0s 21:00<br>No momento do check-in, os h\u00f3spedes dever\u00e3o apresentar um documento de identifica\u00e7\u00e3o com fotografia e um cart\u00e3o de cr\u00e9dito. Ter\u00e1 de informar a sua hora de chegada com anteced\u00eancia ao alojamento.<\/p>\n\n\n\n<p class=\"has-text-align-left has-base-background-color has-background\">Pol\u00edtica de reservas e privacidade | Check-out: 10:00 \u00e0s 11:00<br>As condi\u00e7\u00f5es de cancelamento e de pr\u00e9-pagamento variam consoante o tipo de alojamento. <br>N\u00e3o existem camas extra dispon\u00edveis nesta propriedade. Ber\u00e7os gratuitos, sujeitos a disponibilidade.<br>A idade m\u00ednima para fazer o check-in \u00e9 de 18 anos<br>N\u00e3o \u00e9 permitido fumar.<br>N\u00e3o \u00e9 permitido realizar festas\/eventos<br>Animais de estima\u00e7\u00e3o: n\u00e3o admitidos.<br>Por favor, informe Outeiro Villas Resort antecipadamente sobre o seu hor\u00e1rio de chegada. Para isso poder\u00e1 utilizar a caixa de Pedidos Especiais durante o processo da reserva ou contactar a propriedade diretamente atrav\u00e9s dos dados para contacto providenciados na sua confirma\u00e7\u00e3o.<br>Esta propriedade n\u00e3o permite a realiza\u00e7\u00e3o de festas de despedida de solteiros(as) e festas semelhantes.<br>Os h\u00f3spedes com menos de 18 anos s\u00f3 podem fazer o check-in se acompanhados por um dos pais ou tutor legal.<br>\u00c9 exigida uma cau\u00e7\u00e3o de \u20ac&nbsp;300 no momento da chegada. A cau\u00e7\u00e3o ser\u00e1 cobrada como um pagamento em numer\u00e1rio. O reembolso dever\u00e1 ser feito durante o check-out. A sua cau\u00e7\u00e3o ser\u00e1 reembolsada na totalidade em numer\u00e1rio, ap\u00f3s uma inspe\u00e7\u00e3o ao alojamento.<\/p>\n\n\n\n<p class=\"has-text-align-left has-base-background-color has-background\">Licen\u00e7a n\u00famero: 103400\/AL<\/p>\n\n\n\n<div class=\"wp-block-buttons is-content-justification-center is-layout-flex wp-container-core-buttons-is-layout-a89b3969 wp-block-buttons-is-layout-flex\">\n<div class=\"wp-block-button\"><a class=\"wp-block-button__link wp-element-button\" href=\"https:\/\/outeirovillas.com\/en_gb\/reservas\/\">Book now<\/a><\/div>\n<\/div>\n\n\n\n<h2 class=\"wp-block-heading alignwide has-text-align-center has-large-font-size\">Pol\u00edtica de Privacidade e Dados Pessoais<\/h2>\n\n\n\n<p class=\"has-text-align-left\" style=\"margin-top:var(--wp--preset--spacing--10);margin-right:var(--wp--preset--spacing--10);margin-bottom:var(--wp--preset--spacing--10);margin-left:var(--wp--preset--spacing--20)\"><strong>PROTE\u00c7\u00c3O DE DADOS<br><\/strong>Regulamento (UE) 2016\/679 do Parlamento Europeu e do Conselho, de 27 de abril de 2016, relativo \u00e0 prote\u00e7\u00e3o das pessoas singulares no que diz respeito ao tratamento de dados pessoais e \u00e0 livre circula\u00e7\u00e3o desses dados (Regulamento Geral sobre a Prote\u00e7\u00e3o de Dados).<\/p>\n\n\n\n<p class=\"has-text-align-justify\" style=\"margin-top:var(--wp--preset--spacing--20);margin-right:0;margin-bottom:var(--wp--preset--spacing--20);margin-left:var(--wp--preset--spacing--20)\"><strong>PRIVACIDADE DE GLOBO DE CRISTAL \u2013 ALOJAMENTOS, LDA \u201cOUTEIRO VILLAS RESORT\u201d<br><\/strong>Este documento descreve a forma como a Outeiro Villas Resorts, gerenciada pela Globo de Cristal \u2013 Alojamentos, Lda utiliza e partilha os dados pessoais facultados, com o objetivo de gerir as reservas de alojamento realizadas atrav\u00e9s do website ou para o envio de comunica\u00e7\u00f5es promocionais. O tratamento dos dados \u00e9 necess\u00e1rio para a execu\u00e7\u00e3o do contrato a celebrar entre o cliente e a empresa, ou para a realiza\u00e7\u00e3o de dilig\u00eancias pr\u00e9-contratuais. Na aus\u00eancia ou recusa de partilha dos dados as obriga\u00e7\u00f5es contratuais assumidas n\u00e3o ser\u00e3o cumpridas.<\/p>\n\n\n\n<p class=\"has-text-align-justify\" style=\"margin-left:var(--wp--preset--spacing--20)\"><strong>QUEM \u00c9 A GLOBO DE CRISTAL ALOJAMENTO, LDA?<br><\/strong>A Globo de Cristal \u2013 Alojamento, Lda \u00e9 a empresa propriet\u00e1ria e gestora do complexo tur\u00edstico Outeiro Villas Resort, cujo principal v\u00e9rtice de atividade \u00e9 a explora\u00e7\u00e3o e gest\u00e3o de empreendimentos tur\u00edsticos e respons\u00e1vel pela elabora\u00e7\u00e3o da presente pol\u00edtica de reservas e privacidade.<\/p>\n\n\n\n<p class=\"has-text-align-justify\" style=\"margin-left:var(--wp--preset--spacing--20)\"><strong>DADOS PESSOAIS E A SUA UTILIZA\u00c7\u00c3O?<br><\/strong>Precis\u00e3o da informa\u00e7\u00e3o relativa ao cliente<br>A informa\u00e7\u00e3o, inclu\u00edndo os dados pessoais, s\u00e3o guardados pelo departamento respons\u00e1vel pelo tratamento de dados, cuja principal finalidade \u00e9 a cria\u00e7\u00e3o, desenvolvimento, e manuten\u00e7\u00e3o do tratamento dos mesmos com o objetivo de gerir as reservas do alojamento realizadas atrav\u00e9s do website ou para o envio de comunica\u00e7\u00f5es promocionais.<\/p>\n\n\n\n<p class=\"has-text-align-justify\" style=\"margin-left:var(--wp--preset--spacing--20)\">An\u00e1lise estat\u00edstica, an\u00e1lise e defini\u00e7\u00e3o de perfis<br>Mediante a recolha pr\u00e9via do consentimento do titular dos dados, utilizamos e permitimos a utiliza\u00e7\u00e3o de dados pessoais para an\u00e1lise estat\u00edstica, e fins anal\u00edticos. Assim, os dados pessoais podem ser utilizados para a cria\u00e7\u00e3o de scorecards &#8211; modelos e vari\u00e1veis de gest\u00e3o estrat\u00e9gica &#8211; respons\u00e1veis por monitorizar e prever tend\u00eancias de mercado, permitindo \u00e0 Globo de Cristal \u2013 Alojamentos, Lda aperfei\u00e7oar estrat\u00e9gias com o intuito de: melhorar os servi\u00e7os fornecidos pelas unidades tur\u00edsticas e outros pontos de venda; compreender as necessidades dos clientes e exceder as suas expectativas; personalizar servi\u00e7os e; ainda, proceder ao envio de newsletters, campanhas promocionais e materiais publicit\u00e1rios.<br>A subscri\u00e7\u00e3o ao servi\u00e7o de newsletter pode ser cancelado atrav\u00e9s do link da newsletter enviado por e-mail.<br>Utiliza\u00e7\u00e3o conforme exigido ou permitido por lei<br>Sempre que exigido por lei, os seus dados pessoais ser\u00e3o utilizados para outras finalidades, designadamente, por obriga\u00e7\u00f5es legais solicitadas \u00e0 Globo de Cristal \u2013 Alojamentos, Lda<\/p>\n\n\n\n<p class=\"has-text-align-justify\" style=\"margin-left:var(--wp--preset--spacing--20)\"><strong>QUAIS OS NOSSOS FUNDAMENTOS LEGAIS PARA O TRATAMENTO DE DADOS PESSOAIS?<br><\/strong>Fundamentos legais utilizados para o tratamento de dados pessoais dentro da nossa Pol\u00edtica de reservas e privacidade:<br>Cumprimento de um contrato em que o titular de dados \u00e9 o cliente;<br>Consentimento;<br>Interesse leg\u00edtimo por parte pela Globo de Cristal &#8211; Alojamentos Lda, ou por terceiros (exceto se prevalecerem os interesses ou direitos e liberdades fundamentais do titular dos dados que exijam a prote\u00e7\u00e3o dos dados pessoais);<br>Cumprimento de uma obriga\u00e7\u00e3o legal a que a Globo de Cristal \u2013 Alojamentos, Lda esteja sujeita.<br>O tratamento necess\u00e1rio para a defesa de interesses vitais do titular dos dados ou de outra pessoa individual<br>Abaixo, s\u00e3o descritas as a\u00e7\u00f5es desenvolvidas em rela\u00e7\u00e3o aos seus dados.<br>Interesse<br>Servi\u00e7os hoteleiros e servi\u00e7os associados<br>&#8211; Participa\u00e7\u00e3o em programas publicit\u00e1rios<br>&#8211; Forma\u00e7\u00e3o e Qualidade<br>&#8211; Obriga\u00e7\u00f5es Legais<br>Salvaguarda de interesses vitais do titular<br>Motivo (s) para o Tratamento<br>&#8211; Cumprimento de um contrato<br>&#8211; Interesse leg\u00edtimo<br>&#8211; Cumprimento de obriga\u00e7\u00e3o jur\u00eddica<br>&#8211; Defesa de interesses vitais<br>Explica\u00e7\u00e3o<br>&#8211; Gest\u00e3o de reservas e estadias;<br>&#8211; Pedidos de or\u00e7amento, informa\u00e7\u00f5es e confirma\u00e7\u00e3o de reservas;<br>&#8211; Fatura\u00e7\u00e3o e verifica\u00e7\u00e3o dos meios de pagamento;<br>&#8211; Fornecimento das informa\u00e7\u00f5es necess\u00e1rias \u00e0 sua estadia no alojamento;<br>&#8211; Apoio ao cliente;<br>&#8211; Subscri\u00e7\u00e3o de newsletters;<br>&#8211; Envio de a\u00e7\u00f5es de marketing (ofertas\/promo\u00e7\u00f5es),<br>&#8211; Programas de fideliza\u00e7\u00e3o;<br>&#8211; Colabora\u00e7\u00e3o em inqu\u00e9ritos e\/ou coment\u00e1rios de clientes;<br>Realiza\u00e7\u00e3o de question\u00e1rios de satisfa\u00e7\u00e3o relacionados com a sua estadia;<br>&#8211; Realiza\u00e7\u00e3o de estudos de mercado, inqu\u00e9ritos de avalia\u00e7\u00e3o e an\u00e1lises;<br>&#8211; Agenda de contactos;<br>&#8211; Gest\u00e3o de reclama\u00e7\u00f5es;<br>&#8211; Cumprimento de outras obriga\u00e7\u00f5es legais e regulamentares.<\/p>\n\n\n\n<p class=\"has-text-align-justify\" style=\"margin-left:var(--wp--preset--spacing--20)\">A utiliza\u00e7\u00e3o dos dados pessoais est\u00e1 sujeita a um extensivo quadro de medidas de salvaguarda, que ajuda a assegurar a prote\u00e7\u00e3o dos direitos dos clientes. Isto, inclui a informa\u00e7\u00e3o dada aos clientes, relativa \u00e0 forma como os dados pessoais ser\u00e3o utilizados e, como podem exercer os direitos para obter os dados pessoais, corrigi- los ou limit\u00e1-los, opor-se ao tratamento ou reclamar, caso estejam insatisfeitos.<br>Estas salvaguardas ajudam a manter um equil\u00edbrio justo e apropriado, de forma a que as atividades n\u00e3o se sobreponham aos interesses, direitos e liberdades fundamentais do titular dos dados.<\/p>\n\n\n\n<p class=\"has-text-align-justify\" style=\"margin-left:var(--wp--preset--spacing--20)\"><strong>QUE TIPO DE DADOS PESSOAIS UTILIZAMOS E ONDE OS OBTEMOS?<br><\/strong>A informa\u00e7\u00e3o \u00e9 obtida e utilizada atrav\u00e9s de v\u00e1rias fontes, assim, muitas vezes, temos informa\u00e7\u00f5es e dados pessoais diversos sobre cada cliente. Toda a informa\u00e7\u00e3o que conservamos sobre os clientes, enquadra-se nas seguintes categorias.<br>Tipo de informa\u00e7\u00e3o \u2013 Informa\u00e7\u00e3o chave do cliente<br>Dados pessoais que podem ser utilizados para identificar o cliente;<br>Nome completo<br>Nacionalidade<br>&#8211; N\u00fameros de identifica\u00e7\u00e3o nacionais.<br>&#8211; Data de nascimento e idade.<br>Contactos, incluindo telefone e email, atual e anterior. Adicionalmente, s\u00e3o mantidos os contactos assinalados como imprecisos, a fim de prevenir a sua posterior utiliza\u00e7\u00e3o.<br>Fonte &#8211; Estes dados pessoais est\u00e3o inclu\u00eddos em todas as fontes de dados.<br>Dados facultados diretamente pelos clientes na intera\u00e7\u00e3o com a Globo de Cristal \u2013 Alojamentos, Lda ou com os nossos Subcontratantes. Estes dados s\u00e3o obtidos diretamente pelo cliente, aquando do preenchimento da reserva (motor de reservas), e assinatura do formul\u00e1rio de cliente.<\/p>\n\n\n\n<p class=\"has-text-align-justify\" style=\"margin-left:var(--wp--preset--spacing--20)\"><strong>COM QUEM PARTILHAMOS DADOS?<br><\/strong>Esta sec\u00e7\u00e3o descreve os tipos de destinat\u00e1rios com os quais s\u00e3o compartilhados dados e o processo p ara assegurar que s\u00e3o entidades apropriadas.<br>Em certos casos, algumas entidades t\u00eam a legitimidade de nos obrigar, por lei, a divulgar certos dados para determinados fins.<br>Autoridades de Supervis\u00e3o<br>A informa\u00e7\u00e3o \u00e9 partilhada com autoridades de supervis\u00e3o, como parte das nossas obriga\u00e7\u00f5es e para ajudar a garantir a sa\u00fade do setor hoteleiro, em Portugal.<br>No cumprimento de uma obriga\u00e7\u00e3o legal ou regulat\u00f3ria, ou no sentido de proteger os nossos direitos ou os direitos de terceiro, poderemos partilhar dados com qualquer \u00f3rg\u00e3o de aplica\u00e7\u00e3o legal, regulador, tribunal, autoridade governamental ou outro.<br>Subcontratantes<br>No \u00e2mbito do tratamento de dados pessoais, a Globo de Cristal \u2013 Alojamentos, Lda, recorre ou poder\u00e1 recorrer a entidades terceiras, por si subcontratadas, para, em seu nome, e de acordo com instru\u00e7\u00f5es pr\u00f3prias, procederem ao tratamento dos dados, de acordo com a legisla\u00e7\u00e3o aplic\u00e1vel e da presente Pol\u00edtica de Privacidade.<br>As entidades subcontratadas n\u00e3o poder\u00e3o transmitir os dados pessoais a outras entidades sem autoriza\u00e7\u00e3o, pr\u00e9via e por escrito, da Globo de Cristal \u2013 Alojamentos, Lda.<\/p>\n\n\n\n<p style=\"margin-left:var(--wp--preset--spacing--20)\"><strong>Processadores de Pagamentos<\/strong><br>A op\u00e7\u00e3o de pagamento por d\u00e9bito direto ou cart\u00e3o de cr\u00e9dito, requer \u00e0 Globo de Cristal \u2013 Alojamentos, Lda o fornecimento da informa\u00e7\u00e3o pertinente \u00e0s empresas processadoras, a fim de viabilizar a transa\u00e7\u00e3o, se aplic\u00e1vel.<\/p>\n\n\n\n<p class=\"has-text-align-justify\" style=\"margin-left:var(--wp--preset--spacing--20)\"><strong>ONDE EST\u00c3O ARMAZENADOS E PARA ONDE S\u00c3O ENVIADOS OS DADOS PESSOAIS?<br><\/strong>Os dados pessoais dos nossos clientes s\u00e3o tratados dentro do Espa\u00e7o Econ\u00f3mico Europeu (EEE), onde s\u00e3o protegidos pela legisla\u00e7\u00e3o europeia, mais precisamente o Regulamento Geral sobre a Prote\u00e7\u00e3o de Dados (RGPD). A nossa empresa apenas partilha dados pessoais com entidades terceiras, desde que legalmente autorizada para o efeito. Assim, sempre que necess\u00e1rio s\u00e3o estabelecidos contratuais e mecanismos de seguran\u00e7a adequados para prote\u00e7\u00e3o dos dados e cumprimento das normas de prote\u00e7\u00e3o de dados, de confidencialidade e de seguran\u00e7a.<br>A recolha de Dados Pessoais \u00e9 obrigat\u00f3ria para efeitos de fatura\u00e7\u00e3o, nos termos do Decreto-Lei n.\u00ba 197\/2012 de 24 de agosto. Assim como, para o preenchimento dos boletins de alojamento, que se destinam a permitir o controlo dos cidad\u00e3os estrangeiros e posterior comunica\u00e7\u00e3o ao Servi\u00e7os de Estrangeiros e Fronteiras nos termos do artigo 15.\u00ba da Lei n.\u00ba 23\/2007, de 4 de julho.<br>Justifica-se tamb\u00e9m a partilha de dados com base noutros fundamentos legais, como por exemplo para efeitos de um processo judicial, investiga\u00e7\u00e3o ou prote\u00e7\u00e3o dos nossos direitos legais.<\/p>\n\n\n\n<p class=\"has-text-align-justify\" style=\"margin-left:var(--wp--preset--spacing--20)\"><strong>POR QUANTO TEMPO S\u00c3O OS DADOS PESSOAIS MANTIDOS?<br><\/strong>Os dados pessoais s\u00e3o armazenados e conservados de acordo com a finalidade para a qual a informa\u00e7\u00e3o \u00e9 tratada. Sempre que n\u00e3o exista uma exig\u00eancia legal espec\u00edfica, os dados ser\u00e3o armazenados e conservados apenas pelo per\u00edodo m\u00ednimo necess\u00e1rio para as finalidades que motivaram a sua recolha ou o seu posterior tratamento, findo os mesmos s\u00e3o eliminados.<br>Dados Arquivados<br>Os dados arquivados s\u00e3o conservados, em formato f\u00edsico ou digital, para fins de continuidade do neg\u00f3cio. Quando os dados s\u00e3o retidos por mais tempo do que o per\u00edodo acima descrito, n\u00e3o estar\u00e3o acess\u00edveis a funcion\u00e1rios n\u00e3o autorizados e no caso de c\u00f3pias digitais os dados ser\u00e3o encriptados. S\u00e3o tomadas medidas para garantir que, se for indispens\u00e1vel ter acesso a esses arquivos, ser\u00e1 removida a informa\u00e7\u00e3o pessoal, necess\u00e1ria.<\/p>\n\n\n\n<p class=\"has-text-align-justify\" style=\"margin-left:var(--wp--preset--spacing--20)\"><strong>QUAIS OS MEUS DIREITOS DE ACORDO COM O REGULAMENTO GERAL SOBRE PROTE\u00c7\u00c3O DE DADOS?<br><\/strong>Direitos &#8211; Direito a ser informado<br>Tem o direito a ser informado sobre a recolha e utiliza\u00e7\u00e3o dos dados pessoais.<br>Como descrito na presente notifica\u00e7\u00e3o de privacidade.<br>Direitos &#8211; Direitos relacionados com decis\u00f5es individuais automatizadas Tem direito em rela\u00e7\u00e3o a qualquer decis\u00e3o individual automatizada, que produza efeitos na sua esfera jur\u00eddica ou que o afete significativamente de forma similar.<br>Direitos &#8211; Direito de acesso<br>Tem direito de aceder aos dados pessoais e informa\u00e7\u00e3o complementar conservada pela empresa.<br>Direitos &#8211; Direito de portabilidade de dados<br>Em determinadas circunst\u00e2ncias, tem o direito de obter os dados pessoais e reutiliz\u00e1-los para fins pr\u00f3prios em diferentes servi\u00e7os.<br>Direitos &#8211; Direito de retifica\u00e7\u00e3o<br>Tem o direito de retifica\u00e7\u00e3o de dados incorretos ou de completar dados incompletos.<br>Direitos &#8211; Direito de oposi\u00e7\u00e3o<br>Tem o direito de se opor ao tratamento dos seus dados pessoais.<br>Direitos &#8211; Direito ao apagamento<br>Em determinadas circunst\u00e2ncias, tem o direito a requerer o apagamento ou remo\u00e7\u00e3o dos dados pessoais, quando n\u00e3o existir raz\u00e3o imperiosa para o seu tratamento continuado.<br>Direitos &#8211; Direito \u00e0 limita\u00e7\u00e3o do tratamento<br>Em determinadas circunst\u00e2ncias, tem o direito de nos solicitar o bloqueio ou limitar o tratamento dos dados pessoais.<br>Para exercer qualquer um destes direitos dever\u00e1 entrar em contacto com a empresa.<\/p>\n\n\n\n<p class=\"has-text-align-justify\" style=\"margin-left:var(--wp--preset--spacing--20)\"><strong>COMO A GLOBO DE CRISTAL \u2013 ALOJAMENTOS, LDA TOMA DECIS\u00d5ES SOBRE MIM (DIREITOS RELACIONADOS COM DECIS\u00d5ES INDIVIDUAIS AUTOMATIZADAS)?<\/strong><br>A Globo de Cristal \u2013 Alojamentos, Lda poder\u00e1 tratar os dados para enviar informa\u00e7\u00f5es sobre os seus produtos e servi\u00e7os. Este tratamento de dados ser\u00e1 realizado apenas com o consentimento do cliente, dado no momento da reserva ou check in, atrav\u00e9s do formul\u00e1rio de cliente. Em caso do consentimento, receber\u00e1 comunica\u00e7\u00f5es de marketing. A n\u00e3o disponibiliza\u00e7\u00e3o dos dados pessoais (nome e e-mail) impossibilita a Globo de Cristal \u2013 Alojamentos, Lda de enviar comunica\u00e7\u00f5es comerciais.<br>Poder\u00e1, a qualquer momento, opor-se a este tratamento de dados.<\/p>\n\n\n\n<p class=\"has-text-align-justify\" style=\"margin-left:var(--wp--preset--spacing--20)\"><strong>O QUE POSSO FAZER SE QUISER VERIFICAR OS DADOS PESSOAIS QUE CONSERVAM SOBRE MIM? TENHO O \u201cDIREITO DE PORTABILIDADE\u201d EM CONEX\u00c3O COM OS MEUS DADOS CONSERVADOS PELA GLOBO DE CRISTAL \u2013 ALOJAMENTOS, LDA?<br>(\u201cDIREITO DE PORTABILIDADE DE DADOS\u201d)?<br><\/strong>O cliente tem o direito de questionar sobre os dados que a empresa guarda sobre o mesmo. Tal \u00e9 designado por Pedido de Acesso do Titular dos Dados. Este pedido \u00e9 um direito que assiste ao cliente.<br>A nova legisla\u00e7\u00e3o de prote\u00e7\u00e3o de dados tamb\u00e9m abrange o direito de portabilidade de dados, que poder\u00e1 conferir aos consumidores, em determinados contextos de tratamento, o direito de receber os seus dados pessoais num formato port\u00e1vel, quando os mesmos s\u00e3o tratados com base em determinados fundamentos, tais como o consentimento.<\/p>\n\n\n\n<p class=\"has-text-align-justify\" style=\"margin-left:var(--wp--preset--spacing--20)\"><strong>POSSO OPOR-ME AO USO DOS MEUS DADOS PESSOAIS (\u201cDIREITO DE OPOSI\u00c7\u00c3O\u201d) E PEDIR A SUA ELIMINA\u00c7\u00c3O (\u201cDIREITO AO APAGAMENTO\u201d)?<br><\/strong>Como cliente, tem direitos espec\u00edficos ao abrigo do RGPD. Tem o direito de opor- se \u00e0 utiliza\u00e7\u00e3o de informa\u00e7\u00e3o pessoal ou pedir para eliminar, remover ou parar de a utilizar, caso j\u00e1 n\u00e3o haja necessidade de ser conservada. Designa por \u201cdireito de oposi\u00e7\u00e3o\u201d e \u201cdireito de apagamento\u201d ou \u201cdireito a ser esquecido\u201d.<br>O ponto 4 desta Pol\u00edtica de Privacidade detalha a informa\u00e7\u00e3o tratada, e a raz\u00e3o pela qual \u00e9 necess\u00e1ria a informa\u00e7\u00e3o, relativamente \u00e0s atividades que desenvolvidas. Esta \u00e9 a raz\u00e3o pela qual, o direito de oposi\u00e7\u00e3o n\u00e3o implica automaticamente a elimina\u00e7\u00e3o da informa\u00e7\u00e3o do cliente. No entanto, todos os pedidos recebidos s\u00e3o analisados e se n\u00e3o for poss\u00edvel a sua elimina\u00e7\u00e3o, o cliente recebe a informa\u00e7\u00e3o dos motivos em causa.<\/p>\n\n\n\n<p class=\"has-text-align-justify\" style=\"margin-left:var(--wp--preset--spacing--20)\"><strong>POSSO LIMITAR O QUE FAZEM COM OS MEUS DADOS PESSOAIS (\u201cDIREITO \u00c0 LIMITA\u00c7\u00c3O DO TRATAMENTO\u201d)?<br><\/strong>Em determinadas circunst\u00e2ncias, pode ser solicitado \u00e0 empresa para limitar o modo como s\u00e3o usados os dados pessoais. Este n\u00e3o \u00e9 um direito absoluto, e os dados poder\u00e3o continuar a ser processados, quando se verifiquem certos fundamentos, assim aconselhamos \u00e0 leitura detalhada da pol\u00edtica de reservas e privacidade. Estes fundamentos incluem:<br>O consentimento;<br>Para o estabelecimento, exerc\u00edcio ou defesa de um direito num processo judicial;<br>Para a prote\u00e7\u00e3o dos direitos de outra pessoa singular ou coletiva;<br>Por raz\u00f5es de interesse p\u00fablico.<br>Apenas um destes fundamentos necessita de ser demonstrado para continuar o tratamento dos dados. Os pedidos recebidos ser\u00e3o tidos em considera\u00e7\u00e3o, analisados e \u00e0 posteriori respondidos, incluindo a avalia\u00e7\u00e3o da aplicabilidade destas exclus\u00f5es.<\/p>\n\n\n\n<p class=\"has-text-align-justify\" style=\"margin-left:var(--wp--preset--spacing--20)\"><strong>A QUEM POSSO RECLAMAR, SE ESTOU INSATISFEITO COM A UTILIZA\u00c7\u00c3O DOS MEUS DADOS PESSOAIS?<\/strong><br>A empresa esfor\u00e7a-se por prestar o melhor servi\u00e7o de atendimento ao cliente, mas em caso de insatisfa\u00e7\u00e3o, deve contactar no sentido de a empresa analisar a situa\u00e7\u00e3o. <br>Pol\u00edtica de reservas e privacidade<br>Globo de Cristal \u2013 Alojamentos, Lda <br>Morada: Rua dos Ingleses, Casa 2 4740-386 Vila Cova, Barcelos, Braga <br>Email: <a href=\"mailto:outeirovillas@gmail.com\">outeirovillas@gmail.com<\/a><\/p>\n\n\n\n<p class=\"has-text-align-justify\" style=\"margin-left:var(--wp--preset--spacing--20)\">As suas quest\u00f5es de pol\u00edtica de reservas e privacidade podem ainda ser encaminhadas para a Comiss\u00e3o Nacional de Prote\u00e7\u00e3o de Dados (CNPD), a &#8211; entidade que regula o tratamento de dados pessoais em Portugal:<br>Telefone: +351 213 928 400<br>Por escrito para: Av. D. Carlos I, 134, 1\u00ba, 1200-651 Lisboa, Portugal<br>Atrav\u00e9s do website em <a href=\"http:\/\/www.cnpd.pt\/\">www.cnpd.pt<\/a> <br>O respons\u00e1vel da empresa pela prote\u00e7\u00e3o de dados pode ser contactado por e- mail, para o endere\u00e7o eletr\u00f3nico <a href=\"mailto:outeirovillas@gmail.com\">outeirovillas@gmail.com <\/a>ou por carta para a Rua dos ingleses, casa 2 &#8211; Vila Cova, 4750-795 Barcelos, Portugal.<\/p>","protected":false},"excerpt":{"rendered":"<p>Pol\u00edtica de reservas e privacidade Pol\u00edtica de reservas e privacidade | Check-in:16:00 \u00e0s 21:00No momento do check-in, os h\u00f3spedes dever\u00e3o apresentar um documento de identifica\u00e7\u00e3o com fotografia e um cart\u00e3o de cr\u00e9dito. Ter\u00e1 de informar a sua hora de chegada com anteced\u00eancia ao alojamento. Pol\u00edtica de reservas e privacidade | Check-out: 10:00 \u00e0s 11:00As condi\u00e7\u00f5es [&hellip;]<\/p>\n","protected":false},"author":3,"featured_media":0,"parent":0,"menu_order":0,"comment_status":"closed","ping_status":"closed","template":"","meta":{"powered_cache_disable_cache":false,"footnotes":""},"class_list":["post-180","page","type-page","status-publish","hentry"],"aioseo_notices":[],"jetpack_sharing_enabled":true,"_links":{"self":[{"href":"https:\/\/outeirovillas.com\/en_gb\/wp-json\/wp\/v2\/pages\/180","targetHints":{"allow":["GET"]}}],"collection":[{"href":"https:\/\/outeirovillas.com\/en_gb\/wp-json\/wp\/v2\/pages"}],"about":[{"href":"https:\/\/outeirovillas.com\/en_gb\/wp-json\/wp\/v2\/types\/page"}],"author":[{"embeddable":true,"href":"https:\/\/outeirovillas.com\/en_gb\/wp-json\/wp\/v2\/users\/3"}],"replies":[{"embeddable":true,"href":"https:\/\/outeirovillas.com\/en_gb\/wp-json\/wp\/v2\/comments?post=180"}],"version-history":[{"count":10,"href":"https:\/\/outeirovillas.com\/en_gb\/wp-json\/wp\/v2\/pages\/180\/revisions"}],"predecessor-version":[{"id":849,"href":"https:\/\/outeirovillas.com\/en_gb\/wp-json\/wp\/v2\/pages\/180\/revisions\/849"}],"wp:attachment":[{"href":"https:\/\/outeirovillas.com\/en_gb\/wp-json\/wp\/v2\/media?parent=180"}],"curies":[{"name":"wp","href":"https:\/\/api.w.org\/{rel}","templated":true}]}}